{"id":2090,"date":"2020-03-23T15:19:04","date_gmt":"2020-03-23T14:19:04","guid":{"rendered":"https:\/\/wcdn.wroc.pl\/www\/?page_id=2090"},"modified":"2020-04-16T09:03:45","modified_gmt":"2020-04-16T07:03:45","slug":"edukacja-wczesnoszkolna","status":"publish","type":"page","link":"https:\/\/www.wcdn.wroc.pl\/www\/?page_id=2090","title":{"rendered":"Edukacja wczesnoszkolna"},"content":{"rendered":"<p><img loading=\"lazy\" class=\"alignnone wp-image-2269\" src=\"https:\/\/wcdn.wroc.pl\/www\/wp-content\/uploads\/2020\/04\/nauczanie_zdalne-300x232.jpg\" alt=\"\" width=\"661\" height=\"511\" srcset=\"https:\/\/www.wcdn.wroc.pl\/www\/wp-content\/uploads\/2020\/04\/nauczanie_zdalne-300x232.jpg 300w, https:\/\/www.wcdn.wroc.pl\/www\/wp-content\/uploads\/2020\/04\/nauczanie_zdalne.jpg 720w\" sizes=\"(max-width: 661px) 100vw, 661px\" \/><\/p>\n<p><img loading=\"lazy\" class=\"alignnone size-medium wp-image-2228 alignright\" src=\"https:\/\/wcdn.wroc.pl\/www\/wp-content\/uploads\/2020\/04\/wczesnoszkolne-300x285.png\" alt=\"\" width=\"300\" height=\"285\" srcset=\"https:\/\/www.wcdn.wroc.pl\/www\/wp-content\/uploads\/2020\/04\/wczesnoszkolne-300x285.png 300w, https:\/\/www.wcdn.wroc.pl\/www\/wp-content\/uploads\/2020\/04\/wczesnoszkolne-768x729.png 768w, https:\/\/www.wcdn.wroc.pl\/www\/wp-content\/uploads\/2020\/04\/wczesnoszkolne-1024x972.png 1024w, https:\/\/www.wcdn.wroc.pl\/www\/wp-content\/uploads\/2020\/04\/wczesnoszkolne.png 1182w\" sizes=\"(max-width: 300px) 100vw, 300px\" \/><\/p>\n<p>&nbsp;<\/p>\n<p><a href=\"https:\/\/wcdn.wroc.pl\/www\/wp-content\/uploads\/2020\/04\/Obowi\u0105zki-ucznia-opracowanie-Danuta-Gromek-Jadwiga-Iwanowska.pdf\">Obowi\u0105zki ucznia- opracowanie Danuta Gromek, Jadwiga Iwanowska<\/a><\/p>\n<p><a href=\"https:\/\/wcdn.wroc.pl\/www\/wp-content\/uploads\/2020\/04\/List-do-nauczycieli-EW.pdf\">List do nauczycieli EW<\/a><\/p>\n<p><a href=\"https:\/\/wcdn.wroc.pl\/www\/wp-content\/uploads\/2020\/04\/Wielkanocne-gry-dla-uczni\u00f3w-klas-I-opracowanie-Anna-\u0141u\u017aniak-we-wsp\u00f3\u0142pracy-z-Jadwig\u0105-Iwanowsk\u0105.pdf\">Wielkanocne gry dla uczni\u00f3w klas I &#8211; opracowanie -Anna \u0141u\u017aniak we wsp\u00f3\u0142pracy z Jadwig\u0105 Iwanowsk\u0105<\/a><\/p>\n<p><a href=\"https:\/\/wcdn.wroc.pl\/www\/wp-content\/uploads\/2020\/04\/Wielkanocne-tradycje-opracowanie-Jolanta-Choprz\u0119pa-we-wsp\u00f3\u0142pracy-z-Jadwig\u0105-Iwanowsk\u0105.pdf\">Wielkanocne tradycje-opracowanie-Jolanta Choprz\u0119pa we wsp\u00f3\u0142pracy z Jadwig\u0105 Iwanowsk\u0105<\/a><\/p>\n<p><a href=\"https:\/\/matematykawpodstawowce.pl\/matematyka-i-wielkanoc\/\">https:\/\/matematykawpodstawowce.pl\/matematyka-i-wielkanoc\/<\/a><\/p>\n<p><a href=\"https:\/\/wcdn.wroc.pl\/www\/wp-content\/uploads\/2020\/04\/Wielkanocne-zabawy-plastyczno-konstrukcyjne-opracowanie-Jadwiga-Iwanowska-we-wsp\u00f3\u0142pracy-z-Jolant\u0105-Chorz\u0119p\u0105-i-Ann\u0105-\u0141u\u017aniak.pdf\">Wielkanocne zabawy plastyczno-konstrukcyjne-opracowanie Jadwiga Iwanowska we wsp\u00f3\u0142pracy z Jolant\u0105 Chorz\u0119p\u0105 i Ann\u0105 \u0141u\u017aniak<\/a><\/p>\n<p><a href=\"https:\/\/wcdn.wroc.pl\/www\/wp-content\/uploads\/2020\/03\/czytanie-na-start-1.doc\">czytanie na start-1 &#8211; <\/a>opracowanie: <span style=\"font-family: Times New Roman, serif;\"><span style=\"font-size: large;\">Konsultanci i doradcy metodyczni edukacji wczesnoszkolnej<\/span><\/span><\/p>\n<p><a href=\"https:\/\/wcdn.wroc.pl\/www\/wp-content\/uploads\/2020\/03\/Oferta-Miejskiej-Biblioteki-Publicznej-we-Wroc\u0142awiu-Bajeczki-z-g\u0142\u00f3weczki.doc\">Oferta Miejskiej Biblioteki Publicznej we Wroc\u0142awiu &#8211; Bajeczki z g\u0142\u00f3weczki: <\/a>-rekomendacja: Aneta W\u0142odarczyk<\/p>\n<p><a href=\"https:\/\/wcdn.wroc.pl\/www\/wp-content\/uploads\/2020\/03\/Propozycje-dla-nauczycieli-klas-1-3-1.doc\">Propozycje dla nauczycieli klas 1-3 <\/a>&#8211; opracowanie: Danuta Gromek<\/p>\n<p><a href=\"https:\/\/wcdn.wroc.pl\/www\/wp-content\/uploads\/2020\/03\/Do-nauczycieli-informatyki-kl.1-3.doc\">Do nauczycieli informatyki kl.1-3 <\/a>&#8211; opracowanie: Izabela Przepi\u00f3rkiewicz<\/p>\n<p><a href=\"https:\/\/wcdn.wroc.pl\/www\/wp-content\/uploads\/2020\/03\/Propozycja-\u0107wicze\u0144-dla-nauczycieli-edukacji-wczesnoszkolnej.doc\">Propozycja \u0107wicze\u0144 dla nauczycieli edukacji wczesnoszkolnej<\/a><\/p>\n<p><span class=\"gwp5a1d3391_colour\">Strony polecane przez WCDN z zaj\u0119ciami dla dzieci w domu:<\/span><\/p>\n<p><a href=\"https:\/\/www.gov.pl\/web\/edukacja\/pasma-edukacyjne\">https:\/\/www.gov.pl\/web\/edukacja\/pasma-edukacyjne<\/a>\u00a0 a w szczeg\u00f3lno\u015bci\u00a0<a href=\"https:\/\/vod.tvp.pl\/kolekcja\/to-sie-nie-nudzi,47078659\">https:\/\/vod.tvp.pl\/kolekcja\/to-sie-nie-nudzi,47078659<\/a><\/p>\n<p><a href=\"https:\/\/www.gov.pl\/web\/zdalnelekcje\/zdalne-lekcje\">https:\/\/www.gov.pl\/web\/zdalnelekcje\/zdalne-lekcje<\/a>\u00a0\u00a0 a w szczeg\u00f3lno\u015bci\u00a0 <a href=\"https:\/\/www.gov.pl\/web\/zdalnelekcje\/oddzial-przedszkolny2\">https:\/\/www.gov.pl\/web\/zdalnelekcje\/oddzial-przedszkolny2<\/a><\/p>\n<p>R\u00d3\u017bNE POMYS\u0141Y NA DZIA\u0141ANIA W DOMU:<\/p>\n<p><a href=\"https:\/\/www.edding.com\/pl-pl\/pomysly\/kategoria\/wiosna\/\" target=\"_blank\" rel=\"noopener noreferrer\" data-saferedirecturl=\"https:\/\/zasobygwp.pl\/redirect?sig=d96f257e6a057bbee4e3e40341469350bdffc6ae53b6e079029da1820030e554&amp;url=aHR0cHM6Ly93d3cuZWRkaW5nLmNvbS9wbC1wbC9wb215c2x5L2thdGVnb3JpYS93aW9zbmEv&amp;platform=desktop&amp;brand=o2\">https:\/\/www.edding.com\/pl-pl\/pomysly\/kategoria\/wiosna\/<\/a><\/p>\n<p><a href=\"https:\/\/mojedziecikreatywnie.pl\/\" target=\"_blank\" rel=\"noopener noreferrer\" data-saferedirecturl=\"https:\/\/zasobygwp.pl\/redirect?sig=6c5d241ccb54823163ca04e1a56e674f3b1561d8d7691469a1523a2bc812204c&amp;url=aHR0cHM6Ly9tb2plZHppZWNpa3JlYXR5d25pZS5wbC8=&amp;platform=desktop&amp;brand=o2\">https:\/\/mojedziecikreatywnie.pl<\/a><\/p>\n<p><a href=\"https:\/\/pepito.pl\/pl\/blog-categories\/kreatywne-zabawy-z-dziecmi-1.html\" target=\"_blank\" rel=\"noopener noreferrer\" data-saferedirecturl=\"https:\/\/zasobygwp.pl\/redirect?sig=a25abc5a19628db0ea969e6a33bde85655c0dacf468287f9ce8975462ef8952b&amp;url=aHR0cHM6Ly9wZXBpdG8ucGwvcGwvYmxvZy1jYXRlZ29yaWVzL2tyZWF0eXduZS16YWJhd3ktei1kemllY21pLTEuaHRtbA==&amp;platform=desktop&amp;brand=o2\">https:\/\/pepito.pl\/pl\/blog-categories\/kreatywne-zabawy-z-dziecmi-1.html<\/a><\/p>\n<p><a href=\"https:\/\/mumandthecity.pl\/zabawy-dla-dzieci-w-domu\/\" target=\"_blank\" rel=\"noopener noreferrer\" data-saferedirecturl=\"https:\/\/zasobygwp.pl\/redirect?sig=e8e37674f3d0082f9258751a83317d22bd6e55b2bfba0331fbf327769cd7f73c&amp;url=aHR0cHM6Ly9tdW1hbmR0aGVjaXR5LnBsL3phYmF3eS1kbGEtZHppZWNpLXctZG9tdS8=&amp;platform=desktop&amp;brand=o2\">https:\/\/mumandthecity.pl\/zabawy-dla-dzieci-w-domu\/<\/a><\/p>\n<p>SZABLONY:<\/p>\n<p><a href=\"https:\/\/www.pozytywnia.pl\/szablonowo\/\" target=\"_blank\" rel=\"noopener noreferrer\" data-saferedirecturl=\"https:\/\/zasobygwp.pl\/redirect?sig=775ff6cbc5989c56a32e575e0f551cfb40f15b1b85a5a67cefa5d96de493bed0&amp;url=aHR0cHM6Ly93d3cucG96eXR5d25pYS5wbC9zemFibG9ub3dvLw==&amp;platform=desktop&amp;brand=o2\">https:\/\/www.pozytywnia.pl\/szablonowo\/<\/a>\u00a0\u00a0\u00a0\u00a0 oraz filmy:<span class=\"gwp5a1d3391_Apple-converted-space\">\u00a0<\/span><a href=\"https:\/\/www.youtube.com\/watch?v=TRZSW1gXsC4\" target=\"_blank\" rel=\"noopener noreferrer\" data-saferedirecturl=\"https:\/\/zasobygwp.pl\/redirect?sig=79595c82430f96e378a5e8f8a40507a6d22634f5a70100efa19db1745dd1b23e&amp;url=aHR0cHM6Ly93d3cueW91dHViZS5jb20vd2F0Y2g_dj1UUlpTVzFnWHNDNA==&amp;platform=desktop&amp;brand=o2\">https:\/\/www.youtube.com\/watch?v=TRZSW1gXsC4<\/a><\/p>\n<p><a href=\"https:\/\/www.castorama.pl\/z-czego-wykonac-szablony-malarskie-krok-po-kroku-ins-103795.html\" target=\"_blank\" rel=\"noopener noreferrer\" data-saferedirecturl=\"https:\/\/zasobygwp.pl\/redirect?sig=f9ab76c686feea2f0fec30beb6fbce16a56e6518afd0aa98151d404f52fc0430&amp;url=aHR0cHM6Ly93d3cuY2FzdG9yYW1hLnBsL3otY3plZ28td3lrb25hYy1zemFibG9ueS1tYWxhcnNraWUta3Jvay1wby1rcm9rdS1pbnMtMTAzNzk1Lmh0bWw=&amp;platform=desktop&amp;brand=o2\">https:\/\/www.castorama.pl\/z-czego-wykonac-szablony-malarskie-krok-po-kroku-ins-103795.html<\/a><\/p>\n<p>ORIGAMI:<\/p>\n<p><a href=\"https:\/\/www.youtube.com\/watch?v=E2xMa74-FSo&amp;list=PLpbbMqFdwY1Rpp2zYXfW1r-9oBzGypp_5\" target=\"_blank\" rel=\"noopener noreferrer\" data-saferedirecturl=\"https:\/\/zasobygwp.pl\/redirect?sig=0e5ae4c0afa835127ad5619cb10d0006ea94a0ef64c70d0efbc09f96908eab72&amp;url=aHR0cHM6Ly93d3cueW91dHViZS5jb20vd2F0Y2g_dj1FMnhNYTc0LUZTbyZsaXN0PVBMcGJiTXFGZHdZMVJwcDJ6WVhmVzFyLTlvQnpHeXBwXzU=&amp;platform=desktop&amp;brand=o2\">https:\/\/www.youtube.com\/watch?v=E2xMa74-FSo&amp;list=PLpbbMqFdwY1Rpp2zYXfW1r-9oBzGypp_5<\/a><\/p>\n<p>KALIGRAFIA:<\/p>\n<p><a href=\"https:\/\/www.youtube.com\/watch?v=ssT7BOBOB54\" target=\"_blank\" rel=\"noopener noreferrer\" data-saferedirecturl=\"https:\/\/zasobygwp.pl\/redirect?sig=0e36246fd5173c28906d319c1952d6450436f56e66ed91633a8654c9b2e91403&amp;url=aHR0cHM6Ly93d3cueW91dHViZS5jb20vd2F0Y2g_dj1zc1Q3Qk9CT0I1NA==&amp;platform=desktop&amp;brand=o2\">https:\/\/www.youtube.com\/watch?v=ssT7BOBOB54<\/a><\/p>\n<p><a href=\"https:\/\/www.youtube.com\/watch?v=8G_ASfqBkoU\" target=\"_blank\" rel=\"noopener noreferrer\" data-saferedirecturl=\"https:\/\/zasobygwp.pl\/redirect?sig=46064b8bc173a4260a8a54e2f156625128af83dc6646fb71fd5048f537d5b658&amp;url=aHR0cHM6Ly93d3cueW91dHViZS5jb20vd2F0Y2g_dj04R19BU2ZxQmtvVQ==&amp;platform=desktop&amp;brand=o2\">https:\/\/www.youtube.com\/watch?v=8G_ASfqBkoU<\/a><\/p>\n<p><a href=\"https:\/\/www.edding.com\/pl-pl\/pomysly\/instrukcje\/kaligrafia\/\" target=\"_blank\" rel=\"noopener noreferrer\" data-saferedirecturl=\"https:\/\/zasobygwp.pl\/redirect?sig=ac20b9d81ac1dbae01c3d9b024a7211cf0fb2b3590ffcf092e9e3bb29ea78e0b&amp;url=aHR0cHM6Ly93d3cuZWRkaW5nLmNvbS9wbC1wbC9wb215c2x5L2luc3RydWtjamUva2FsaWdyYWZpYS8=&amp;platform=desktop&amp;brand=o2\">https:\/\/www.edding.com\/pl-pl\/pomysly\/instrukcje\/kaligrafia\/<\/a><\/p>\n","protected":false},"excerpt":{"rendered":"<p>&nbsp; Obowi\u0105zki ucznia- opracowanie Danuta Gromek, Jadwiga Iwanowska List do nauczycieli EW Wielkanocne gry dla uczni\u00f3w klas I &#8211; opracowanie -Anna \u0141u\u017aniak we wsp\u00f3\u0142pracy z Jadwig\u0105 Iwanowsk\u0105 Wielkanocne tradycje-opracowanie-Jolanta Choprz\u0119pa we wsp\u00f3\u0142pracy z Jadwig\u0105 Iwanowsk\u0105 https:\/\/matematykawpodstawowce.pl\/matematyka-i-wielkanoc\/ Wielkanocne zabawy plastyczno-konstrukcyjne-opracowanie Jadwiga &hellip; <a href=\"https:\/\/www.wcdn.wroc.pl\/www\/?page_id=2090\">Czytaj dalej <span class=\"meta-nav\">&rarr;<\/span><\/a><\/p>\n","protected":false},"author":1,"featured_media":0,"parent":0,"menu_order":0,"comment_status":"closed","ping_status":"closed","template":"","meta":[],"_links":{"self":[{"href":"https:\/\/www.wcdn.wroc.pl\/www\/index.php?rest_route=\/wp\/v2\/pages\/2090"}],"collection":[{"href":"https:\/\/www.wcdn.wroc.pl\/www\/index.php?rest_route=\/wp\/v2\/pages"}],"about":[{"href":"https:\/\/www.wcdn.wroc.pl\/www\/index.php?rest_route=\/wp\/v2\/types\/page"}],"author":[{"embeddable":true,"href":"https:\/\/www.wcdn.wroc.pl\/www\/index.php?rest_route=\/wp\/v2\/users\/1"}],"replies":[{"embeddable":true,"href":"https:\/\/www.wcdn.wroc.pl\/www\/index.php?rest_route=%2Fwp%2Fv2%2Fcomments&post=2090"}],"version-history":[{"count":15,"href":"https:\/\/www.wcdn.wroc.pl\/www\/index.php?rest_route=\/wp\/v2\/pages\/2090\/revisions"}],"predecessor-version":[{"id":2311,"href":"https:\/\/www.wcdn.wroc.pl\/www\/index.php?rest_route=\/wp\/v2\/pages\/2090\/revisions\/2311"}],"wp:attachment":[{"href":"https:\/\/www.wcdn.wroc.pl\/www\/index.php?rest_route=%2Fwp%2Fv2%2Fmedia&parent=2090"}],"curies":[{"name":"wp","href":"https:\/\/api.w.org\/{rel}","templated":true}]}}