{"id":2135,"date":"2020-03-25T14:58:00","date_gmt":"2020-03-25T13:58:00","guid":{"rendered":"https:\/\/wcdn.wroc.pl\/www\/?page_id=2135"},"modified":"2020-04-01T13:20:44","modified_gmt":"2020-04-01T11:20:44","slug":"jezyk-obcy-w-czasie-zawieszenia-zajec-dydaktyczno-wychowawczych","status":"publish","type":"page","link":"https:\/\/www.wcdn.wroc.pl\/www\/?page_id=2135","title":{"rendered":"J\u0119zyk obcy w czasie zawieszenia zaj\u0119\u0107 dydaktyczno-wychowawczych"},"content":{"rendered":"<p><img loading=\"lazy\" class=\"alignnone size-medium wp-image-2236 alignright\" src=\"https:\/\/wcdn.wroc.pl\/www\/wp-content\/uploads\/2020\/04\/je\u0328zyki-300x268.png\" alt=\"\" width=\"300\" height=\"268\" srcset=\"https:\/\/www.wcdn.wroc.pl\/www\/wp-content\/uploads\/2020\/04\/je\u0328zyki-300x268.png 300w, https:\/\/www.wcdn.wroc.pl\/www\/wp-content\/uploads\/2020\/04\/je\u0328zyki-768x686.png 768w, https:\/\/www.wcdn.wroc.pl\/www\/wp-content\/uploads\/2020\/04\/je\u0328zyki-1024x915.png 1024w, https:\/\/www.wcdn.wroc.pl\/www\/wp-content\/uploads\/2020\/04\/je\u0328zyki.png 1241w\" sizes=\"(max-width: 300px) 100vw, 300px\" \/><\/p>\n<p><a href=\"https:\/\/wcdn.wroc.pl\/www\/wp-content\/uploads\/2020\/03\/J\u0119zyk-obcy-w-czasie-zawieszenia-zaj\u0119\u0107-dydaktyczno-wychowawczych.doc\">J\u0119zyk obcy w czasie zawieszenia zaj\u0119\u0107 dydaktyczno-wychowawczych<\/a><\/p>\n<p><a href=\"https:\/\/wcdn.wroc.pl\/www\/wp-content\/uploads\/2020\/03\/Propozycje-dla-nauczycieli-j\u0119zyka-niemieckiego.doc\">Propozycje dla nauczycieli j\u0119zyka niemieckiego<\/a><\/p>\n","protected":false},"excerpt":{"rendered":"<p>J\u0119zyk obcy w czasie zawieszenia zaj\u0119\u0107 dydaktyczno-wychowawczych Propozycje dla nauczycieli j\u0119zyka niemieckiego<\/p>\n","protected":false},"author":1,"featured_media":0,"parent":0,"menu_order":0,"comment_status":"closed","ping_status":"closed","template":"","meta":[],"_links":{"self":[{"href":"https:\/\/www.wcdn.wroc.pl\/www\/index.php?rest_route=\/wp\/v2\/pages\/2135"}],"collection":[{"href":"https:\/\/www.wcdn.wroc.pl\/www\/index.php?rest_route=\/wp\/v2\/pages"}],"about":[{"href":"https:\/\/www.wcdn.wroc.pl\/www\/index.php?rest_route=\/wp\/v2\/types\/page"}],"author":[{"embeddable":true,"href":"https:\/\/www.wcdn.wroc.pl\/www\/index.php?rest_route=\/wp\/v2\/users\/1"}],"replies":[{"embeddable":true,"href":"https:\/\/www.wcdn.wroc.pl\/www\/index.php?rest_route=%2Fwp%2Fv2%2Fcomments&post=2135"}],"version-history":[{"count":2,"href":"https:\/\/www.wcdn.wroc.pl\/www\/index.php?rest_route=\/wp\/v2\/pages\/2135\/revisions"}],"predecessor-version":[{"id":2256,"href":"https:\/\/www.wcdn.wroc.pl\/www\/index.php?rest_route=\/wp\/v2\/pages\/2135\/revisions\/2256"}],"wp:attachment":[{"href":"https:\/\/www.wcdn.wroc.pl\/www\/index.php?rest_route=%2Fwp%2Fv2%2Fmedia&parent=2135"}],"curies":[{"name":"wp","href":"https:\/\/api.w.org\/{rel}","templated":true}]}}