{"id":2148,"date":"2020-03-26T11:46:35","date_gmt":"2020-03-26T10:46:35","guid":{"rendered":"https:\/\/wcdn.wroc.pl\/www\/?page_id=2148"},"modified":"2020-05-08T08:28:07","modified_gmt":"2020-05-08T06:28:07","slug":"przyroda-i-biologia","status":"publish","type":"page","link":"https:\/\/www.wcdn.wroc.pl\/www\/?page_id=2148","title":{"rendered":"Przyroda i biologia"},"content":{"rendered":"<p>&nbsp;<\/p>\n<p><a href=\"https:\/\/wcdn.wroc.pl\/www\/wp-content\/uploads\/2020\/05\/Propozycje-dla-uczni\u00f3w-kl.-V-opracowanie-Anna-Solska.pdf\">Propozycje dla uczni\u00f3w kl. V-opracowanie Anna Solska<\/a><\/p>\n<p><a href=\"https:\/\/wcdn.wroc.pl\/www\/wp-content\/uploads\/2020\/04\/Propozycje-dla-uczni\u00f3w-kl.-VII-opracowanie-Anna-Solska.pdf\">Propozycje dla uczni\u00f3w kl. VII opracowanie Anna Solska<\/a><img loading=\"lazy\" class=\"alignnone size-medium wp-image-2231 alignright\" src=\"https:\/\/wcdn.wroc.pl\/www\/wp-content\/uploads\/2020\/04\/biologia_przyroda-300x260.png\" alt=\"\" width=\"300\" height=\"260\" srcset=\"https:\/\/www.wcdn.wroc.pl\/www\/wp-content\/uploads\/2020\/04\/biologia_przyroda-300x260.png 300w, https:\/\/www.wcdn.wroc.pl\/www\/wp-content\/uploads\/2020\/04\/biologia_przyroda-768x667.png 768w, https:\/\/www.wcdn.wroc.pl\/www\/wp-content\/uploads\/2020\/04\/biologia_przyroda-1024x889.png 1024w, https:\/\/www.wcdn.wroc.pl\/www\/wp-content\/uploads\/2020\/04\/biologia_przyroda.png 1228w\" sizes=\"(max-width: 300px) 100vw, 300px\" \/><\/p>\n<p><a href=\"https:\/\/wcdn.wroc.pl\/www\/wp-content\/uploads\/2020\/04\/Doskonalimy-umiej\u0119tno\u015bci-Wykorzystywanie-informacji.pdf\">Doskonalimy umiej\u0119tno\u015bci Wykorzystywanie informacji-opracowanie Anna Solska<\/a><\/p>\n<p><a href=\"https:\/\/wcdn.wroc.pl\/www\/wp-content\/uploads\/2020\/03\/Doskonalimy-umiej\u0119tno\u015bci-Obserwacje-i-do\u015bwiadczenia-prezentacja-opracowanie-Anna-Solska.pdf\">Doskonalimy umiej\u0119tno\u015bci Obserwacje i do\u015bwiadczenia &#8211; prezentacja &#8211; opracowanie Anna Solska<\/a><\/p>\n<p><a href=\"https:\/\/wcdn.wroc.pl\/www\/wp-content\/uploads\/2020\/03\/Propozycje-dla-nauczycieli-doskonalenie-umiej\u0119tno\u015bci-opracowanie-Anna-Solska-.pdf\">Propozycje dla nauczycieli doskonalenie umiej\u0119tno\u015bci-opracowanie Anna Solska<\/a><\/p>\n<p><a href=\"https:\/\/wcdn.wroc.pl\/www\/wp-content\/uploads\/2020\/03\/Propozycje-dla-nauczycieli-przyrody-i-biologii.doc\">Propozycje dla nauczycieli przyrody i biologii<\/a> &#8211; opracowanie: Anna Solska<\/p>\n","protected":false},"excerpt":{"rendered":"<p>&nbsp; Propozycje dla uczni\u00f3w kl. V-opracowanie Anna Solska Propozycje dla uczni\u00f3w kl. VII opracowanie Anna Solska Doskonalimy umiej\u0119tno\u015bci Wykorzystywanie informacji-opracowanie Anna Solska Doskonalimy umiej\u0119tno\u015bci Obserwacje i do\u015bwiadczenia &#8211; prezentacja &#8211; opracowanie Anna Solska Propozycje dla nauczycieli doskonalenie umiej\u0119tno\u015bci-opracowanie Anna Solska &hellip; <a href=\"https:\/\/www.wcdn.wroc.pl\/www\/?page_id=2148\">Czytaj dalej <span class=\"meta-nav\">&rarr;<\/span><\/a><\/p>\n","protected":false},"author":1,"featured_media":0,"parent":0,"menu_order":0,"comment_status":"closed","ping_status":"closed","template":"","meta":[],"_links":{"self":[{"href":"https:\/\/www.wcdn.wroc.pl\/www\/index.php?rest_route=\/wp\/v2\/pages\/2148"}],"collection":[{"href":"https:\/\/www.wcdn.wroc.pl\/www\/index.php?rest_route=\/wp\/v2\/pages"}],"about":[{"href":"https:\/\/www.wcdn.wroc.pl\/www\/index.php?rest_route=\/wp\/v2\/types\/page"}],"author":[{"embeddable":true,"href":"https:\/\/www.wcdn.wroc.pl\/www\/index.php?rest_route=\/wp\/v2\/users\/1"}],"replies":[{"embeddable":true,"href":"https:\/\/www.wcdn.wroc.pl\/www\/index.php?rest_route=%2Fwp%2Fv2%2Fcomments&post=2148"}],"version-history":[{"count":8,"href":"https:\/\/www.wcdn.wroc.pl\/www\/index.php?rest_route=\/wp\/v2\/pages\/2148\/revisions"}],"predecessor-version":[{"id":2422,"href":"https:\/\/www.wcdn.wroc.pl\/www\/index.php?rest_route=\/wp\/v2\/pages\/2148\/revisions\/2422"}],"wp:attachment":[{"href":"https:\/\/www.wcdn.wroc.pl\/www\/index.php?rest_route=%2Fwp%2Fv2%2Fmedia&parent=2148"}],"curies":[{"name":"wp","href":"https:\/\/api.w.org\/{rel}","templated":true}]}}