{"id":2151,"date":"2020-03-26T11:50:31","date_gmt":"2020-03-26T10:50:31","guid":{"rendered":"https:\/\/wcdn.wroc.pl\/www\/?page_id=2151"},"modified":"2020-04-14T11:16:12","modified_gmt":"2020-04-14T09:16:12","slug":"informatyka","status":"publish","type":"page","link":"https:\/\/www.wcdn.wroc.pl\/www\/?page_id=2151","title":{"rendered":"Informatyka"},"content":{"rendered":"<p><img loading=\"lazy\" class=\"alignnone size-medium wp-image-2232 alignright\" src=\"https:\/\/wcdn.wroc.pl\/www\/wp-content\/uploads\/2020\/04\/informatyka-300x296.png\" alt=\"\" width=\"300\" height=\"296\" srcset=\"https:\/\/www.wcdn.wroc.pl\/www\/wp-content\/uploads\/2020\/04\/informatyka-300x296.png 300w, https:\/\/www.wcdn.wroc.pl\/www\/wp-content\/uploads\/2020\/04\/informatyka-768x757.png 768w, https:\/\/www.wcdn.wroc.pl\/www\/wp-content\/uploads\/2020\/04\/informatyka-1024x1009.png 1024w, https:\/\/www.wcdn.wroc.pl\/www\/wp-content\/uploads\/2020\/04\/informatyka-100x100.png 100w, https:\/\/www.wcdn.wroc.pl\/www\/wp-content\/uploads\/2020\/04\/informatyka.png 1605w\" sizes=\"(max-width: 300px) 100vw, 300px\" \/><\/p>\n<p><a href=\"https:\/\/www.youtube.com\/watch?v=WFSXWhOYoQ8&amp;list=PLr_yRlQ_LA-70A1TKmIOG5jQ39bwEKlLC\">Informatyka w szkole podstawowej dla klas 4-6. Przygotowanie: Tomasz Jarosz<\/a><\/p>\n<p><a href=\"https:\/\/wcdn.wroc.pl\/www\/wp-content\/uploads\/2020\/03\/Do-nauczycieli-informatyki-kl.1-3.doc\">Propozycje dla nauczycieli informatyki kl.1-3 &#8211; opracowanie <\/a>Izabela Przepi\u00f3rkiewicz<\/p>\n<p><a href=\"https:\/\/wcdn.wroc.pl\/www\/wp-content\/uploads\/2020\/04\/Informatyka-proponowane-materia\u0142y.pdf\">Informatyka-proponowane materia\u0142y<\/a>&#8211; szko\u0142a ponadpodstawowa &#8211; opracowanie: Seweryn Gonerski<\/p>\n<p>&nbsp;<\/p>\n","protected":false},"excerpt":{"rendered":"<p>Informatyka w szkole podstawowej dla klas 4-6. Przygotowanie: Tomasz Jarosz Propozycje dla nauczycieli informatyki kl.1-3 &#8211; opracowanie Izabela Przepi\u00f3rkiewicz Informatyka-proponowane materia\u0142y&#8211; szko\u0142a ponadpodstawowa &#8211; opracowanie: Seweryn Gonerski &nbsp;<\/p>\n","protected":false},"author":1,"featured_media":0,"parent":0,"menu_order":0,"comment_status":"closed","ping_status":"closed","template":"","meta":[],"_links":{"self":[{"href":"https:\/\/www.wcdn.wroc.pl\/www\/index.php?rest_route=\/wp\/v2\/pages\/2151"}],"collection":[{"href":"https:\/\/www.wcdn.wroc.pl\/www\/index.php?rest_route=\/wp\/v2\/pages"}],"about":[{"href":"https:\/\/www.wcdn.wroc.pl\/www\/index.php?rest_route=\/wp\/v2\/types\/page"}],"author":[{"embeddable":true,"href":"https:\/\/www.wcdn.wroc.pl\/www\/index.php?rest_route=\/wp\/v2\/users\/1"}],"replies":[{"embeddable":true,"href":"https:\/\/www.wcdn.wroc.pl\/www\/index.php?rest_route=%2Fwp%2Fv2%2Fcomments&post=2151"}],"version-history":[{"count":4,"href":"https:\/\/www.wcdn.wroc.pl\/www\/index.php?rest_route=\/wp\/v2\/pages\/2151\/revisions"}],"predecessor-version":[{"id":2300,"href":"https:\/\/www.wcdn.wroc.pl\/www\/index.php?rest_route=\/wp\/v2\/pages\/2151\/revisions\/2300"}],"wp:attachment":[{"href":"https:\/\/www.wcdn.wroc.pl\/www\/index.php?rest_route=%2Fwp%2Fv2%2Fmedia&parent=2151"}],"curies":[{"name":"wp","href":"https:\/\/api.w.org\/{rel}","templated":true}]}}