{"id":2156,"date":"2020-03-26T11:57:34","date_gmt":"2020-03-26T10:57:34","guid":{"rendered":"https:\/\/wcdn.wroc.pl\/www\/?page_id=2156"},"modified":"2020-04-01T13:16:33","modified_gmt":"2020-04-01T11:16:33","slug":"geografia","status":"publish","type":"page","link":"https:\/\/www.wcdn.wroc.pl\/www\/?page_id=2156","title":{"rendered":"Geografia"},"content":{"rendered":"<p><img loading=\"lazy\" class=\"size-medium wp-image-2237 alignright\" src=\"https:\/\/wcdn.wroc.pl\/www\/wp-content\/uploads\/2020\/04\/geografia-297x300.png\" alt=\"\" width=\"297\" height=\"300\" srcset=\"https:\/\/www.wcdn.wroc.pl\/www\/wp-content\/uploads\/2020\/04\/geografia-297x300.png 297w, https:\/\/www.wcdn.wroc.pl\/www\/wp-content\/uploads\/2020\/04\/geografia-768x775.png 768w, https:\/\/www.wcdn.wroc.pl\/www\/wp-content\/uploads\/2020\/04\/geografia-1015x1024.png 1015w, https:\/\/www.wcdn.wroc.pl\/www\/wp-content\/uploads\/2020\/04\/geografia-100x100.png 100w, https:\/\/www.wcdn.wroc.pl\/www\/wp-content\/uploads\/2020\/04\/geografia.png 1112w\" sizes=\"(max-width: 297px) 100vw, 297px\" \/><\/p>\n<p><a href=\"https:\/\/wcdn.wroc.pl\/www\/wp-content\/uploads\/2020\/03\/Propozycje-zada\u0144-z-geografii.doc\">Propozycje zada\u0144 z geografii<\/a> szko\u0142a podstawowa &#8211; opracowanie: Hanna Stani\u00f3w<\/p>\n<p><a href=\"https:\/\/wcdn.wroc.pl\/www\/wp-content\/uploads\/2020\/03\/Materia\u0142y-wys\u0142ane-uczniom-szko\u0142a-podstawowa.doc\">Materia\u0142y wys\u0142ane uczniom szko\u0142a podstawowa<\/a> &#8211; opracowanie Hanna Stani\u00f3w<\/p>\n<p>&nbsp;<\/p>\n","protected":false},"excerpt":{"rendered":"<p>Propozycje zada\u0144 z geografii szko\u0142a podstawowa &#8211; opracowanie: Hanna Stani\u00f3w Materia\u0142y wys\u0142ane uczniom szko\u0142a podstawowa &#8211; opracowanie Hanna Stani\u00f3w &nbsp;<\/p>\n","protected":false},"author":1,"featured_media":0,"parent":0,"menu_order":0,"comment_status":"closed","ping_status":"closed","template":"","meta":[],"_links":{"self":[{"href":"https:\/\/www.wcdn.wroc.pl\/www\/index.php?rest_route=\/wp\/v2\/pages\/2156"}],"collection":[{"href":"https:\/\/www.wcdn.wroc.pl\/www\/index.php?rest_route=\/wp\/v2\/pages"}],"about":[{"href":"https:\/\/www.wcdn.wroc.pl\/www\/index.php?rest_route=\/wp\/v2\/types\/page"}],"author":[{"embeddable":true,"href":"https:\/\/www.wcdn.wroc.pl\/www\/index.php?rest_route=\/wp\/v2\/users\/1"}],"replies":[{"embeddable":true,"href":"https:\/\/www.wcdn.wroc.pl\/www\/index.php?rest_route=%2Fwp%2Fv2%2Fcomments&post=2156"}],"version-history":[{"count":3,"href":"https:\/\/www.wcdn.wroc.pl\/www\/index.php?rest_route=\/wp\/v2\/pages\/2156\/revisions"}],"predecessor-version":[{"id":2251,"href":"https:\/\/www.wcdn.wroc.pl\/www\/index.php?rest_route=\/wp\/v2\/pages\/2156\/revisions\/2251"}],"wp:attachment":[{"href":"https:\/\/www.wcdn.wroc.pl\/www\/index.php?rest_route=%2Fwp%2Fv2%2Fmedia&parent=2156"}],"curies":[{"name":"wp","href":"https:\/\/api.w.org\/{rel}","templated":true}]}}