{"id":2192,"date":"2020-03-27T15:16:21","date_gmt":"2020-03-27T14:16:21","guid":{"rendered":"https:\/\/wcdn.wroc.pl\/www\/?page_id=2192"},"modified":"2020-05-13T14:14:05","modified_gmt":"2020-05-13T12:14:05","slug":"propozycje-dla-nauczycieli-bibliotekarzy","status":"publish","type":"page","link":"https:\/\/www.wcdn.wroc.pl\/www\/?page_id=2192","title":{"rendered":"Propozycje dla nauczycieli bibliotekarzy"},"content":{"rendered":"<p><img loading=\"lazy\" class=\"size-medium wp-image-2245 alignright\" src=\"https:\/\/wcdn.wroc.pl\/www\/wp-content\/uploads\/2020\/04\/biblioteczne-1-300x234.png\" alt=\"\" width=\"300\" height=\"234\" srcset=\"https:\/\/www.wcdn.wroc.pl\/www\/wp-content\/uploads\/2020\/04\/biblioteczne-1-300x234.png 300w, https:\/\/www.wcdn.wroc.pl\/www\/wp-content\/uploads\/2020\/04\/biblioteczne-1-768x599.png 768w, https:\/\/www.wcdn.wroc.pl\/www\/wp-content\/uploads\/2020\/04\/biblioteczne-1-1024x799.png 1024w, https:\/\/www.wcdn.wroc.pl\/www\/wp-content\/uploads\/2020\/04\/biblioteczne-1.png 1440w\" sizes=\"(max-width: 300px) 100vw, 300px\" \/><\/p>\n<p>W zwi\u0105zku z zamkni\u0119ciem szk\u00f3\u0142 i dziesi\u0105tkami pyta\u0144, przygotowali\u015bmy poradnik dotycz\u0105cy zdalnej pracy nauczyciela bibliotekarza.<br \/>\nDost\u0119pny jest <a href=\"https:\/\/biblioteka.pl\/artykul\/Jak-pracowac-zdalnie-Cz-1\/9590\">tutaj<\/a>.<\/p>\n<p>&nbsp;<\/p>\n<div><b>Wskaz\u00f3wki dla nauczycieli bibliotekarzy zatrudnionych w bibliotekach szkolnych w zakresie przyjmowania ksi\u0105\u017cek, podr\u0119cznik\u00f3w oraz innych materia\u0142\u00f3w bibliotecznych w czasie epidemii \/ po ustaniu epidemii koronawirusa<\/b><\/div>\n<div>\n<b>WYTYCZNE I REKOMENDACJE INSTYTUCJI NADRZ\u0118DNYCH \u0179r\u00f3d\u0142o: <a href=\"https:\/\/www.gov.pl\/web\/rozwoj\/biblioteki;\">https:\/\/www.gov.pl\/web\/rozwoj\/biblioteki;<\/a> <a href=\"https:\/\/www.bn.org.pl\/\">https:\/\/www.bn.org.pl\/<\/a> ; <a href=\"https:\/\/gis.gov.pl\/\">https:\/\/gis.gov.pl\/<\/a><br \/>\n<\/b><\/div>\n<div><\/div>\n<div><a href=\"http:\/\/www.sbp.pl\/artykul\/?cid=22463&amp;fbclid=IwAR29rMnywIi1JvOZnmVq5XNT3BHU92NtinuQjydS9ZGfkV7bwZWRLmtFVU0\">http:\/\/www.sbp.pl\/artykul\/?cid=22463&amp;fbclid=IwAR29rMnywIi1JvOZnmVq5XNT3BHU92NtinuQjydS9ZGfkV7bwZWRLmtFVU0<\/a><\/div>\n<table border=\"0\" width=\"600\" cellspacing=\"0\" cellpadding=\"0\">\n<tbody>\n<tr>\n<td align=\"left\" valign=\"top\">\n<h1>.<\/h1>\n<\/td>\n<\/tr>\n<tr>\n<td align=\"left\"><a href=\"https:\/\/biblioteka.pl\/artykul\/Jak-pracowac-zdalnie-Cz-1\/9590\"><img loading=\"lazy\" src=\"http:\/\/mailer.sukurs.edu.pl\/newsletters\/332\/image1.jpg\" alt=\"\" width=\"600\" height=\"699\" \/><\/a><\/td>\n<\/tr>\n<\/tbody>\n<\/table>\n<p>&nbsp;<\/p>\n","protected":false},"excerpt":{"rendered":"<p>W zwi\u0105zku z zamkni\u0119ciem szk\u00f3\u0142 i dziesi\u0105tkami pyta\u0144, przygotowali\u015bmy poradnik dotycz\u0105cy zdalnej pracy nauczyciela bibliotekarza. Dost\u0119pny jest tutaj. &nbsp; Wskaz\u00f3wki dla nauczycieli bibliotekarzy zatrudnionych w bibliotekach szkolnych w zakresie przyjmowania ksi\u0105\u017cek, podr\u0119cznik\u00f3w oraz innych materia\u0142\u00f3w bibliotecznych w czasie epidemii \/ &hellip; <a href=\"https:\/\/www.wcdn.wroc.pl\/www\/?page_id=2192\">Czytaj dalej <span class=\"meta-nav\">&rarr;<\/span><\/a><\/p>\n","protected":false},"author":1,"featured_media":0,"parent":0,"menu_order":0,"comment_status":"closed","ping_status":"closed","template":"","meta":[],"_links":{"self":[{"href":"https:\/\/www.wcdn.wroc.pl\/www\/index.php?rest_route=\/wp\/v2\/pages\/2192"}],"collection":[{"href":"https:\/\/www.wcdn.wroc.pl\/www\/index.php?rest_route=\/wp\/v2\/pages"}],"about":[{"href":"https:\/\/www.wcdn.wroc.pl\/www\/index.php?rest_route=\/wp\/v2\/types\/page"}],"author":[{"embeddable":true,"href":"https:\/\/www.wcdn.wroc.pl\/www\/index.php?rest_route=\/wp\/v2\/users\/1"}],"replies":[{"embeddable":true,"href":"https:\/\/www.wcdn.wroc.pl\/www\/index.php?rest_route=%2Fwp%2Fv2%2Fcomments&post=2192"}],"version-history":[{"count":4,"href":"https:\/\/www.wcdn.wroc.pl\/www\/index.php?rest_route=\/wp\/v2\/pages\/2192\/revisions"}],"predecessor-version":[{"id":2463,"href":"https:\/\/www.wcdn.wroc.pl\/www\/index.php?rest_route=\/wp\/v2\/pages\/2192\/revisions\/2463"}],"wp:attachment":[{"href":"https:\/\/www.wcdn.wroc.pl\/www\/index.php?rest_route=%2Fwp%2Fv2%2Fmedia&parent=2192"}],"curies":[{"name":"wp","href":"https:\/\/api.w.org\/{rel}","templated":true}]}}