{"id":2279,"date":"2020-04-06T12:27:07","date_gmt":"2020-04-06T10:27:07","guid":{"rendered":"https:\/\/wcdn.wroc.pl\/www\/?page_id=2279"},"modified":"2020-04-16T12:43:53","modified_gmt":"2020-04-16T10:43:53","slug":"dietetyka","status":"publish","type":"page","link":"https:\/\/www.wcdn.wroc.pl\/www\/?page_id=2279","title":{"rendered":"Dietetyka"},"content":{"rendered":"<p><a href=\"https:\/\/wcdn.wroc.pl\/www\/wp-content\/uploads\/2020\/04\/Narodowe-Centrum-Edukacji-\u017bywieniowej-artyku\u0142y-dotycz\u0105ce-\u017cywienia-podcza-epidemii-koronowirusa.odt\">Narodowe Centrum Edukacji \u017bywieniowej- artyku\u0142y dotycz\u0105ce \u017cywienia podcza epidemii koronowirusa<\/a><\/p>\n<p><a href=\"https:\/\/ptd.org.pl\/artykuly\/stanowisko-polskiego-towarzystwa-dietetyki-odnosnie-zywienia-w-zapobieganiu-i-leczeniu\">Stanowisko Polskiego Towarzystwa Dietetyki odno\u015bnie \u017cywienia w zapobieganiu i leczeniu COVID-19<\/a><\/p>\n<p><a href=\"https:\/\/wcdn.wroc.pl\/www\/wp-content\/uploads\/2020\/04\/Wielkanocne-\u015bniadanie-\u017ar\u00f3d\u0142o-cennych-sk\u0142adnik\u00f3w-odzywczych-oprcowanie-Anna-Kwiatek..pdf\">Wielkanocne \u015bniadanie- \u017ar\u00f3d\u0142o cennych sk\u0142adnik\u00f3w odzywczych &#8211; oprcowanie Anna Kwiatek<\/a><\/p>\n<p><a href=\"https:\/\/wcdn.wroc.pl\/www\/wp-content\/uploads\/2020\/04\/\u017bywno\u015b\u0107-bezpieczna-dla-zdrowia-opracowanie-Anna-Kwiatek.pdf\">\u017bywno\u015b\u0107 bezpieczna dla zdrowia- opracowanie Anna Kwiatek<\/a><\/p>\n<p>&nbsp;<\/p>\n","protected":false},"excerpt":{"rendered":"<p>Narodowe Centrum Edukacji \u017bywieniowej- artyku\u0142y dotycz\u0105ce \u017cywienia podcza epidemii koronowirusa Stanowisko Polskiego Towarzystwa Dietetyki odno\u015bnie \u017cywienia w zapobieganiu i leczeniu COVID-19 Wielkanocne \u015bniadanie- \u017ar\u00f3d\u0142o cennych sk\u0142adnik\u00f3w odzywczych &#8211; oprcowanie Anna Kwiatek \u017bywno\u015b\u0107 bezpieczna dla zdrowia- opracowanie Anna Kwiatek &nbsp;<\/p>\n","protected":false},"author":1,"featured_media":0,"parent":0,"menu_order":0,"comment_status":"closed","ping_status":"closed","template":"","meta":[],"_links":{"self":[{"href":"https:\/\/www.wcdn.wroc.pl\/www\/index.php?rest_route=\/wp\/v2\/pages\/2279"}],"collection":[{"href":"https:\/\/www.wcdn.wroc.pl\/www\/index.php?rest_route=\/wp\/v2\/pages"}],"about":[{"href":"https:\/\/www.wcdn.wroc.pl\/www\/index.php?rest_route=\/wp\/v2\/types\/page"}],"author":[{"embeddable":true,"href":"https:\/\/www.wcdn.wroc.pl\/www\/index.php?rest_route=\/wp\/v2\/users\/1"}],"replies":[{"embeddable":true,"href":"https:\/\/www.wcdn.wroc.pl\/www\/index.php?rest_route=%2Fwp%2Fv2%2Fcomments&post=2279"}],"version-history":[{"count":4,"href":"https:\/\/www.wcdn.wroc.pl\/www\/index.php?rest_route=\/wp\/v2\/pages\/2279\/revisions"}],"predecessor-version":[{"id":2322,"href":"https:\/\/www.wcdn.wroc.pl\/www\/index.php?rest_route=\/wp\/v2\/pages\/2279\/revisions\/2322"}],"wp:attachment":[{"href":"https:\/\/www.wcdn.wroc.pl\/www\/index.php?rest_route=%2Fwp%2Fv2%2Fmedia&parent=2279"}],"curies":[{"name":"wp","href":"https:\/\/api.w.org\/{rel}","templated":true}]}}