{"id":2287,"date":"2020-04-06T14:29:40","date_gmt":"2020-04-06T12:29:40","guid":{"rendered":"https:\/\/wcdn.wroc.pl\/www\/?page_id=2287"},"modified":"2020-04-08T08:55:14","modified_gmt":"2020-04-08T06:55:14","slug":"doradztwo-zawodowe","status":"publish","type":"page","link":"https:\/\/www.wcdn.wroc.pl\/www\/?page_id=2287","title":{"rendered":"Doradztwo zawodowe"},"content":{"rendered":"<p><a href=\"https:\/\/wcdn.wroc.pl\/www\/wp-content\/uploads\/2020\/04\/Lekcja-gra-trzy-zawody-opracowanie-Teresa-Nowicka..pdf\">Lekcja &#8211; gra trzy zawody &#8211; opracowanie Teresa Nowicka<\/a><\/p>\n<p><a href=\"https:\/\/wcdn.wroc.pl\/www\/wp-content\/uploads\/2020\/04\/\u015awiat-zawod\u00f3w-\u0142amig\u0142\u00f3wka-opracowanie-Teresa-Nowicka-1.pdf\">\u015awiat zawod\u00f3w &#8211; \u0142amig\u0142\u00f3wka- opracowanie Teresa Nowicka<\/a><\/p>\n","protected":false},"excerpt":{"rendered":"<p>Lekcja &#8211; gra trzy zawody &#8211; opracowanie Teresa Nowicka \u015awiat zawod\u00f3w &#8211; \u0142amig\u0142\u00f3wka- opracowanie Teresa Nowicka<\/p>\n","protected":false},"author":1,"featured_media":0,"parent":0,"menu_order":0,"comment_status":"closed","ping_status":"closed","template":"","meta":[],"_links":{"self":[{"href":"https:\/\/www.wcdn.wroc.pl\/www\/index.php?rest_route=\/wp\/v2\/pages\/2287"}],"collection":[{"href":"https:\/\/www.wcdn.wroc.pl\/www\/index.php?rest_route=\/wp\/v2\/pages"}],"about":[{"href":"https:\/\/www.wcdn.wroc.pl\/www\/index.php?rest_route=\/wp\/v2\/types\/page"}],"author":[{"embeddable":true,"href":"https:\/\/www.wcdn.wroc.pl\/www\/index.php?rest_route=\/wp\/v2\/users\/1"}],"replies":[{"embeddable":true,"href":"https:\/\/www.wcdn.wroc.pl\/www\/index.php?rest_route=%2Fwp%2Fv2%2Fcomments&post=2287"}],"version-history":[{"count":2,"href":"https:\/\/www.wcdn.wroc.pl\/www\/index.php?rest_route=\/wp\/v2\/pages\/2287\/revisions"}],"predecessor-version":[{"id":2294,"href":"https:\/\/www.wcdn.wroc.pl\/www\/index.php?rest_route=\/wp\/v2\/pages\/2287\/revisions\/2294"}],"wp:attachment":[{"href":"https:\/\/www.wcdn.wroc.pl\/www\/index.php?rest_route=%2Fwp%2Fv2%2Fmedia&parent=2287"}],"curies":[{"name":"wp","href":"https:\/\/api.w.org\/{rel}","templated":true}]}}