{"id":2337,"date":"2020-04-20T14:06:13","date_gmt":"2020-04-20T12:06:13","guid":{"rendered":"https:\/\/wcdn.wroc.pl\/www\/?page_id=2337"},"modified":"2020-04-24T13:40:24","modified_gmt":"2020-04-24T11:40:24","slug":"kaligrafia","status":"publish","type":"page","link":"https:\/\/www.wcdn.wroc.pl\/www\/?page_id=2337","title":{"rendered":"Kaligrafia"},"content":{"rendered":"<p><img loading=\"lazy\" class=\"alignnone wp-image-2338\" src=\"https:\/\/wcdn.wroc.pl\/www\/wp-content\/uploads\/2020\/04\/kaligrafia-300x207.png\" alt=\"\" width=\"142\" height=\"98\" srcset=\"https:\/\/www.wcdn.wroc.pl\/www\/wp-content\/uploads\/2020\/04\/kaligrafia-300x207.png 300w, https:\/\/www.wcdn.wroc.pl\/www\/wp-content\/uploads\/2020\/04\/kaligrafia-768x531.png 768w, https:\/\/www.wcdn.wroc.pl\/www\/wp-content\/uploads\/2020\/04\/kaligrafia-1024x707.png 1024w, https:\/\/www.wcdn.wroc.pl\/www\/wp-content\/uploads\/2020\/04\/kaligrafia.png 1692w\" sizes=\"(max-width: 142px) 100vw, 142px\" \/><\/p>\n<p>Zapraszam Pa\u0144stwa do zapoznania si\u0119 z kaligrafia gotyck\u0105. W zestawie do filmu proponuj\u0119 kilka \u0107wicze\u0144 kaligraficznych i wzornik\u00f3w pisma gotyckiego. Robert Syta<\/p>\n<div>film:<\/div>\n<div><a href=\"https:\/\/drive.google.com\/open?id=1uV0dM_M-YFYLon6gfRj4ZlYcU2U_7gwU\">https:\/\/drive.google.com\/open?id=1uV0dM_M-YFYLon6gfRj4ZlYcU2U_7gwU<\/a><\/div>\n<div><\/div>\n<div>i \u0107wiczenia:<\/div>\n<div><a href=\"https:\/\/drive.google.com\/open?id=1JqXdUrkt4syr1f-xemnnJ0gzsh_aJZGZ\">https:\/\/drive.google.com\/open?id=1JqXdUrkt4syr1f-xemnnJ0gzsh_aJZGZ<\/a><\/div>\n<div><\/div>\n<div>\n<div>Oto film o kaligrafi wczesnego \u015bredniowiecza:<\/div>\n<div><a href=\"https:\/\/drive.google.com\/file\/d\/1uXhjYZL8C7kBwzE4GBhoRoSeML60l0Wy\/view?usp=sharing\">https:\/\/drive.google.com\/open?id=1N-CXlC7CUdyaxZ_aQnnh8z-srljIP0iU<\/a><\/div>\n<\/div>\n<div>\u0106wiczenia:<\/div>\n<div><img loading=\"lazy\" class=\"alignnone size-medium wp-image-2339\" src=\"https:\/\/wcdn.wroc.pl\/www\/wp-content\/uploads\/2020\/04\/Arkusz-c\u00b4wiczeniowy-3-212x300.jpg\" alt=\"\" width=\"212\" height=\"300\" srcset=\"https:\/\/www.wcdn.wroc.pl\/www\/wp-content\/uploads\/2020\/04\/Arkusz-c\u00b4wiczeniowy-3-212x300.jpg 212w, https:\/\/www.wcdn.wroc.pl\/www\/wp-content\/uploads\/2020\/04\/Arkusz-c\u00b4wiczeniowy-3-768x1085.jpg 768w, https:\/\/www.wcdn.wroc.pl\/www\/wp-content\/uploads\/2020\/04\/Arkusz-c\u00b4wiczeniowy-3-725x1024.jpg 725w, https:\/\/www.wcdn.wroc.pl\/www\/wp-content\/uploads\/2020\/04\/Arkusz-c\u00b4wiczeniowy-3.jpg 1327w\" sizes=\"(max-width: 212px) 100vw, 212px\" \/><\/div>\n<div><img loading=\"lazy\" class=\"alignnone size-medium wp-image-2340\" src=\"https:\/\/wcdn.wroc.pl\/www\/wp-content\/uploads\/2020\/04\/Arkusz-c\u00b4wiczeniowy-2-212x300.jpg\" alt=\"\" width=\"212\" height=\"300\" srcset=\"https:\/\/www.wcdn.wroc.pl\/www\/wp-content\/uploads\/2020\/04\/Arkusz-c\u00b4wiczeniowy-2-212x300.jpg 212w, https:\/\/www.wcdn.wroc.pl\/www\/wp-content\/uploads\/2020\/04\/Arkusz-c\u00b4wiczeniowy-2-768x1088.jpg 768w, https:\/\/www.wcdn.wroc.pl\/www\/wp-content\/uploads\/2020\/04\/Arkusz-c\u00b4wiczeniowy-2-723x1024.jpg 723w, https:\/\/www.wcdn.wroc.pl\/www\/wp-content\/uploads\/2020\/04\/Arkusz-c\u00b4wiczeniowy-2.jpg 1398w\" sizes=\"(max-width: 212px) 100vw, 212px\" \/><\/div>\n<div><img loading=\"lazy\" class=\"alignnone size-medium wp-image-2341\" src=\"https:\/\/wcdn.wroc.pl\/www\/wp-content\/uploads\/2020\/04\/C\u00b4wiczenie-kaligraficzne-2-225x300.jpg\" alt=\"\" width=\"225\" height=\"300\" srcset=\"https:\/\/www.wcdn.wroc.pl\/www\/wp-content\/uploads\/2020\/04\/C\u00b4wiczenie-kaligraficzne-2-225x300.jpg 225w, https:\/\/www.wcdn.wroc.pl\/www\/wp-content\/uploads\/2020\/04\/C\u00b4wiczenie-kaligraficzne-2-768x1024.jpg 768w, https:\/\/www.wcdn.wroc.pl\/www\/wp-content\/uploads\/2020\/04\/C\u00b4wiczenie-kaligraficzne-2.jpg 1375w\" sizes=\"(max-width: 225px) 100vw, 225px\" \/><\/div>\n<div><\/div>\n<div><img loading=\"lazy\" class=\"alignnone size-medium wp-image-2342\" src=\"https:\/\/wcdn.wroc.pl\/www\/wp-content\/uploads\/2020\/04\/Alfabet-karolin\u00b4ski-300x207.jpg\" alt=\"\" width=\"300\" height=\"207\" srcset=\"https:\/\/www.wcdn.wroc.pl\/www\/wp-content\/uploads\/2020\/04\/Alfabet-karolin\u00b4ski-300x207.jpg 300w, https:\/\/www.wcdn.wroc.pl\/www\/wp-content\/uploads\/2020\/04\/Alfabet-karolin\u00b4ski-768x531.jpg 768w, https:\/\/www.wcdn.wroc.pl\/www\/wp-content\/uploads\/2020\/04\/Alfabet-karolin\u00b4ski-1024x708.jpg 1024w, https:\/\/www.wcdn.wroc.pl\/www\/wp-content\/uploads\/2020\/04\/Alfabet-karolin\u00b4ski.jpg 1822w\" sizes=\"(max-width: 300px) 100vw, 300px\" \/><\/div>\n<div><img loading=\"lazy\" class=\"alignnone size-medium wp-image-2343\" src=\"https:\/\/wcdn.wroc.pl\/www\/wp-content\/uploads\/2020\/04\/Arkusz-c\u00b4wiczeniowy-1-210x300.jpg\" alt=\"\" width=\"210\" height=\"300\" srcset=\"https:\/\/www.wcdn.wroc.pl\/www\/wp-content\/uploads\/2020\/04\/Arkusz-c\u00b4wiczeniowy-1-210x300.jpg 210w, https:\/\/www.wcdn.wroc.pl\/www\/wp-content\/uploads\/2020\/04\/Arkusz-c\u00b4wiczeniowy-1-768x1099.jpg 768w, https:\/\/www.wcdn.wroc.pl\/www\/wp-content\/uploads\/2020\/04\/Arkusz-c\u00b4wiczeniowy-1-716x1024.jpg 716w, https:\/\/www.wcdn.wroc.pl\/www\/wp-content\/uploads\/2020\/04\/Arkusz-c\u00b4wiczeniowy-1.jpg 1350w\" sizes=\"(max-width: 210px) 100vw, 210px\" \/><\/div>\n<div><img loading=\"lazy\" class=\"alignnone size-medium wp-image-2344\" src=\"https:\/\/wcdn.wroc.pl\/www\/wp-content\/uploads\/2020\/04\/Stronica-do-uzupe\u0142nienia-217x300.jpg\" alt=\"\" width=\"217\" height=\"300\" srcset=\"https:\/\/www.wcdn.wroc.pl\/www\/wp-content\/uploads\/2020\/04\/Stronica-do-uzupe\u0142nienia-217x300.jpg 217w, https:\/\/www.wcdn.wroc.pl\/www\/wp-content\/uploads\/2020\/04\/Stronica-do-uzupe\u0142nienia-768x1064.jpg 768w, https:\/\/www.wcdn.wroc.pl\/www\/wp-content\/uploads\/2020\/04\/Stronica-do-uzupe\u0142nienia-739x1024.jpg 739w, https:\/\/www.wcdn.wroc.pl\/www\/wp-content\/uploads\/2020\/04\/Stronica-do-uzupe\u0142nienia.jpg 1281w\" sizes=\"(max-width: 217px) 100vw, 217px\" \/><\/div>\n<div><img loading=\"lazy\" class=\"alignnone size-medium wp-image-2345\" src=\"https:\/\/wcdn.wroc.pl\/www\/wp-content\/uploads\/2020\/04\/C\u00b4wiczenie-kaligraficzne-1-225x300.jpg\" alt=\"\" width=\"225\" height=\"300\" srcset=\"https:\/\/www.wcdn.wroc.pl\/www\/wp-content\/uploads\/2020\/04\/C\u00b4wiczenie-kaligraficzne-1-225x300.jpg 225w, https:\/\/www.wcdn.wroc.pl\/www\/wp-content\/uploads\/2020\/04\/C\u00b4wiczenie-kaligraficzne-1-768x1024.jpg 768w, https:\/\/www.wcdn.wroc.pl\/www\/wp-content\/uploads\/2020\/04\/C\u00b4wiczenie-kaligraficzne-1.jpg 1363w\" sizes=\"(max-width: 225px) 100vw, 225px\" \/><\/div>\n<div><\/div>\n<div><\/div>\n","protected":false},"excerpt":{"rendered":"<p>Zapraszam Pa\u0144stwa do zapoznania si\u0119 z kaligrafia gotyck\u0105. W zestawie do filmu proponuj\u0119 kilka \u0107wicze\u0144 kaligraficznych i wzornik\u00f3w pisma gotyckiego. Robert Syta film: https:\/\/drive.google.com\/open?id=1uV0dM_M-YFYLon6gfRj4ZlYcU2U_7gwU i \u0107wiczenia: https:\/\/drive.google.com\/open?id=1JqXdUrkt4syr1f-xemnnJ0gzsh_aJZGZ Oto film o kaligrafi wczesnego \u015bredniowiecza: https:\/\/drive.google.com\/open?id=1N-CXlC7CUdyaxZ_aQnnh8z-srljIP0iU \u0106wiczenia:<\/p>\n","protected":false},"author":1,"featured_media":0,"parent":0,"menu_order":0,"comment_status":"closed","ping_status":"closed","template":"","meta":[],"_links":{"self":[{"href":"https:\/\/www.wcdn.wroc.pl\/www\/index.php?rest_route=\/wp\/v2\/pages\/2337"}],"collection":[{"href":"https:\/\/www.wcdn.wroc.pl\/www\/index.php?rest_route=\/wp\/v2\/pages"}],"about":[{"href":"https:\/\/www.wcdn.wroc.pl\/www\/index.php?rest_route=\/wp\/v2\/types\/page"}],"author":[{"embeddable":true,"href":"https:\/\/www.wcdn.wroc.pl\/www\/index.php?rest_route=\/wp\/v2\/users\/1"}],"replies":[{"embeddable":true,"href":"https:\/\/www.wcdn.wroc.pl\/www\/index.php?rest_route=%2Fwp%2Fv2%2Fcomments&post=2337"}],"version-history":[{"count":2,"href":"https:\/\/www.wcdn.wroc.pl\/www\/index.php?rest_route=\/wp\/v2\/pages\/2337\/revisions"}],"predecessor-version":[{"id":2377,"href":"https:\/\/www.wcdn.wroc.pl\/www\/index.php?rest_route=\/wp\/v2\/pages\/2337\/revisions\/2377"}],"wp:attachment":[{"href":"https:\/\/www.wcdn.wroc.pl\/www\/index.php?rest_route=%2Fwp%2Fv2%2Fmedia&parent=2337"}],"curies":[{"name":"wp","href":"https:\/\/api.w.org\/{rel}","templated":true}]}}