{"id":3,"date":"2018-08-22T13:01:12","date_gmt":"2018-08-22T11:01:12","guid":{"rendered":"https:\/\/wcdn.wroc.pl\/www\/?page_id=3"},"modified":"2019-01-02T14:19:27","modified_gmt":"2019-01-02T13:19:27","slug":"polityka-prywatnosci","status":"publish","type":"page","link":"https:\/\/www.wcdn.wroc.pl\/www\/?page_id=3","title":{"rendered":"Polityka prywatno\u015bci"},"content":{"rendered":"<h1>KIM JESTE\u015aMY?<\/h1>\n<h2><a name=\"_Toc515273126\"><\/a><strong>Organ publiczny<\/strong><\/h2>\n<p>Wroc\u0142awskie Centrum Doskonalenia Nauczycieli z siedzib\u0105 przy ul. Swobodnej 73A, 50-089 Wroc\u0142aw, jest organem publicznym (w\u0142a\u015bciciel serwisu <a href=\"http:\/\/www.wcdn.wroc.pl\">www.wcdn.wroc.pl<\/a>).<\/p>\n<h2><a name=\"_Toc515273127\"><\/a><strong>Dane naszego Inspektora Ochrony Danych Osobowych<\/strong><\/h2>\n<p>W ramach naszej organizacji, w trybie art. 37 RODO, powo\u0142ali\u015bmy zesp\u00f3\u0142 odpowiedzialny za sprawowanie funkcji Inspektora Ochrony Danych Osobowych (dalej: Inspektor). Kontakt z nimi jest mo\u017cliwy pod adresem e-mail <a href=\"mailto:m.polak@coreconsulting.pl\">tomasz.grzybowski@coreconsulting.pl<\/a>. Adres kontaktowy do Inspektora to: <a href=\"mailto:inspektor@me.pl\">CORE<\/a> Consulting sp. z o.o., ul. Z. Krasi\u0144skiego 16, 60-830 Pozna\u0144.<\/p>\n<h1><a name=\"_Toc515273128\"><\/a>SK\u0104D MAMY PA\u0143STWA DANE OSOBOWE?<\/h1>\n<p>Pa\u0144stwa dane osobowe pozyskujemy przede wszystkim od Pa\u0144stwa. Podaj\u0105 nam Pa\u0144stwo swoje dane podczas rejestracji w naszym serwisie (na <a href=\"http:\/\/www.wcdn.wroc.pl\">www.wcdn.wroc.pl<\/a>,klin, <a href=\"http:\/\/WWW.SKLEP.DIAMANT.PL\">www<\/a>.wcdn.wroc.pl\/szkolenia )oraz zapisuj\u0105c si\u0119 na newsletter. Dodatkowe dane osobowe, otrzymujemy od Pa\u0144stwa w zwi\u0105zku z publikowanymi przez Pa\u0144stwa wypowiedziami w serwisie, czy te\u017c w zwi\u0105zku z przesy\u0142an\u0105 przez Pa\u0144stwa korespondencj\u0105 e-mail. Dok\u0142adne informacje o\u00a0zakresie przetwarzanych danych znajd\u0105 Pa\u0144stwo w cz\u0119\u015bci <a href=\"https:\/\/wcdn.wroc.pl\/szkolenia\/polityka_prywatnosci.php#_W_JAKIM_ZAKRESIE\">\u201eW jakim zakresie przetwarzamy Pa\u0144stwa dane osobowe\u201d<\/a>.<\/p>\n<h1><a name=\"_Toc515273129\"><\/a>W JAKIM CELU PRZETWARZAMY PA\u0143STWA DANE OSOBOWE?<\/h1>\n<h2><a name=\"_Toc515273130\"><\/a><a name=\"_Toc510192472\"><\/a><strong>Prowadzenie serwisu <\/strong><a href=\"http:\/\/www.wcdn.wroc.pl\">www.wcdn.wroc.pl<\/a><\/h2>\n<p>Pa\u0144stwa dane osobowe przetwarzamy w celu zapewnienia funkcjonalno\u015bci naszego serwisu. Obejmuje to w\u00a0szczeg\u00f3lno\u015bci zapewnienie Pa\u0144stwu mo\u017cliwo\u015bci zarejestrowania si\u0119 w serwisie oraz mo\u017cliwo\u015b\u0107 udzielenia zgody na otrzymywanie od nas komunikat\u00f3w informacyjnych (newsletter) drog\u0105 elektroniczn\u0105 a tak\u017ce mo\u017cliwo\u015bci korzystania z platformy e-learning oraz rejestracji na organizowane przez nas szkolenia. Odr\u0119bnie, za po\u015brednictwem serwisu mo\u017cna si\u0119 z\u00a0nami na bie\u017c\u0105co kontaktowa\u0107, aby zadawa\u0107 nam pytania.<\/p>\n<h1><a name=\"_Toc515273131\"><\/a>W JAKIM ZAKRESIE PRZETWARZAMY PA\u0143STWA DANE OSOBOWE?<\/h1>\n<p>Przetwarzamy te dane osobowe, kt\u00f3re zdecyduj\u0105 si\u0119 nam Pa\u0144stwo poda\u0107, przy czym minimalny zakres danych w przypadku rejestracji na stronie lub w przypadku zapisania si\u0119 na newsletter obejmuje:<\/p>\n<ol>\n<li>a) imi\u0119, nazwisko, adres e-mail, login,<\/li>\n<li>b) informacje o sposobie korzystania przez Pa\u0144stwa z naszego serwisu (je\u017celi wyra\u017c\u0105 Pa\u0144stwo zgod\u0119 na pliki cookies*),<\/li>\n<li>c) numer IP, z kt\u00f3rego komunikuj\u0105 si\u0119 Pa\u0144stwo z naszym serwisem,<\/li>\n<li>d) informacje o urz\u0105dzeniu, z kt\u00f3rego korzystaj\u0105 Pa\u0144stwo odwiedzaj\u0105c nasz\u0105 stron\u0119, w tym<br \/>\no jego ustawieniu (np. przegl\u0105darka, rozdzielczo\u015b\u0107 ekranu),<\/li>\n<li>e) historia Pa\u0144stwa komunikacji z nami,<\/li>\n<li>f) udzielone przez Pa\u0144stwa<\/li>\n<\/ol>\n<h2><a name=\"_Toc515273132\"><\/a><strong>* Czym s\u0105 pliki <em>cookies <\/em>?<\/strong><\/h2>\n<p>To niewielkie pliki tekstowe powszechnie stosowane w sieci Internet, przechowywane na Pa\u0144stwa urz\u0105dzeniu ko\u0144cowym. Mo\u017cna samodzielnie kontrolowa\u0107 spos\u00f3b obs\u0142ugi plik\u00f3w <em>cookies<\/em> za pomoc\u0105 ustawie\u0144 przegl\u0105darki (mo\u017cliwo\u015b\u0107 ustawienia akceptacji lub blokady plik\u00f3w <em>cookies<\/em>). Zablokowanie plik\u00f3w <em>cookies<\/em> mo\u017ce wp\u0142yn\u0105\u0107 na brak mo\u017cliwo\u015bci zarejestrowania si\u0119\/zalogowania si\u0119 na swoje konto w serwisie lub\/i brak mo\u017cliwo\u015bci rejestracji na szkolenie.<\/p>\n<p>Pliki cookies wykorzystujemy w nast\u0119puj\u0105cych celach:<\/p>\n<ul>\n<li>obs\u0142uga logowania \u2013 weryfikacja po\u0142\u0105czenia mi\u0119dzy u\u017cytkownika a naszym serwerem. Serwis nie przechowuje w plikach cookies informacji identyfikuj\u0105cych poszczeg\u00f3lnych u\u017cytkownik\u00f3w a jedynie dane dotycz\u0105ce po\u0142\u0105czenia,<\/li>\n<li>prezentacja tre\u015bci \u2013 zabezpieczenie przed wy\u015bwietlaniem u\u017cytkownikowi ponownie tych samych tre\u015bci,<\/li>\n<li>obs\u0142uga formularzy \u2013 zabezpieczenie serwisu przed dzia\u0142aniem robot\u00f3w (program\u00f3w komputerowych s\u0142u\u017c\u0105cych do automatycznego badania zawarto\u015bci serwisu www),<\/li>\n<li>statystyka \u2013 budowanie anonimowych statystyk odwiedzin naszego serwisu.<\/li>\n<\/ul>\n<h1><a name=\"_Toc515273133\"><\/a>NA JAKIEJ PODSTAWIE PRAWNEJ PRZETWARZAMY PA\u0143STWA DANE?<\/h1>\n<p>Podstawa prawna przetwarzania Pa\u0144stwa danych jest zale\u017cna od tego w jakim celu je przetwarzamy. I tak:<\/p>\n<ol>\n<li>a) Pa\u0144stwa dane osobowe podane w celu rejestracji na <a href=\"http:\/\/www.wcdn.wroc.pl\">wcdn.wroc.pl<\/a> przetwarzamy w celu realizacji umowy o\u00a0\u015bwiadczenie us\u0142ug drog\u0105 elektroniczn\u0105;<\/li>\n<li>b) Je\u015bli wyrazili Pa\u0144stwo odr\u0119bn\u0105 zgod\u0119, Pa\u0144stwa dane osobowe b\u0119dziemy przetwarza\u0107 w celu wysy\u0142ania do Pa\u0144stwa komunikat\u00f3w informacyjnych (newsletter) drog\u0105 elektroniczn\u0105;<\/li>\n<li>c) dane dotycz\u0105ce korzystania przez Pa\u0144stwa ze strony serwisu, kt\u00f3re uzyskujemy za po\u015brednictwem tzw. plik\u00f3w <strong><em>cookies<\/em><\/strong> przetwarzamy na podstawie Pa\u0144stwa zgody, wyra\u017conej zgodnie z art. 173 Prawa telekomunikacyjnego;<\/li>\n<li>d) je\u017celi kontaktuj\u0105 si\u0119 Pa\u0144stwo z nami, \u017ceby zada\u0107 pytanie o tym jak prowadzimy serwis, w jaki spos\u00f3b zrealizowa\u0107 okre\u015blone czynno\u015bci, zbieramy Pa\u0144stwa pytania i zwi\u0105zanie z nimi dane i udzielamy odpowiedzi z powo\u0142aniem na uzasadniony interes, jaki mamy w tym, aby udziela\u0107 naszym klientom i u\u017cytkownikom pe\u0142nych informacji i zapewnia\u0107 im pozytywne do\u015bwiadczenia z naszym serwisem.<\/li>\n<\/ol>\n<h1><a name=\"_Toc515273134\"><\/a>JAK D\u0141UGO PRZETWARZAMY PA\u0143STWA DANE OSOBOWE?<\/h1>\n<p>Okres przez jaki przetwarzamy Pa\u0144stwa dane osobowe jest zale\u017cny od celu przetwarzania. I tak odpowiednio:<\/p>\n<ol>\n<li>a) rejestracja w naszym serwisie \u2013 przez okres jaki Pa\u0144stwa s\u0105 zarejestrowani \u2013 do czasu wypisania si\u0119 z serwisu; po tym okresie Pa\u0144stwa dane b\u0119dziemy przetwarza\u0107 w celach zwi\u0105zanych z\u00a0rozliczalno\u015bci\u0105 naszych dzia\u0142a\u0144, do czego jeste\u015bmy zobligowani przepisami o ochronie danych osobowych oraz przez okres przedawnienia Pa\u0144stwa roszcze\u0144, jednak nie d\u0142u\u017cej ni\u017c 10 lat;<\/li>\n<li>b) zgoda na otrzymywanie komunikat\u00f3w informacyjnych (newsletter) drog\u0105 elektroniczn\u0105 lub telefoniczn\u0105 \u2013 do czasu wycofania przez Pa\u0144stwa tej zgody; po tym okresie Pa\u0144stwa dane b\u0119dziemy przetwarza\u0107 w celach zwi\u0105zanych z rozliczalno\u015bci\u0105 naszych dzia\u0142a\u0144, do czego jeste\u015bmy zobligowani przepisami o ochronie danych osobowych oraz przez okres przedawnienia Pa\u0144stwa roszcze\u0144, jednak nie d\u0142u\u017cej ni\u017c 10 lat;<\/li>\n<li>c) udzielanie odpowiedzi na pytania \u2013 je\u017celi s\u0105 Pa\u0144stwo zarejestrowanym u\u017cytkownikiem serwisu \u2013 przez czas, o kt\u00f3rym mowa w lit. a. powy\u017cej; je\u017celi nie s\u0105 Pa\u0144stwo zarejestrowanym u\u017cytkownikiem serwisu, przez czas niezb\u0119dny dla udzielenia niezb\u0119dnych wyja\u015bnie\u0144 i\u00a0odpowiedzi;<\/li>\n<li>d) pozyskane dane o sposobie korzystania przez Pa\u0144stwa z naszych serwis\u00f3w (za po\u015brednictwem plik\u00f3w <em>cookies<\/em>) \u2013 przez ca\u0142y okres kiedy s\u0105 Pa\u0144stwo u\u017cytkownikiem serwisu oraz p\u00f3\u017aniej przez okres 5 lat licz\u0105c od czasu kiedy przestali Pa\u0144stwo by\u0107 u\u017cytkownikiem serwisu.<\/li>\n<\/ol>\n<h1><a name=\"_Toc515273135\"><\/a>KTO JEST ODBIORC\u0104 PA\u0143STWA DANYCH OSOBOWYCH?<\/h1>\n<p>Pa\u0144stwa dane przekazujemy tylko w\u00f3wczas, gdy jest to niezb\u0119dne do zrealizowania \u015bwiadcze\u0144, kt\u00f3rych Pa\u0144stwo wymagaj\u0105. Nie sprzedajemy Pa\u0144stwa danych, nie udost\u0119pniamy komercyjnie Pa\u0144stwa danych podmiotom trzecim.<\/p>\n<p>Pa\u0144stwa dane osobowe mo\u017cemy przekaza\u0107 naszym podwykonawcom, w tym:<\/p>\n<ol>\n<li>firmom utrzymuj\u0105cym i serwisuj\u0105cym nasze serwery informatyczne<\/li>\n<li>kancelariom prawnym, kt\u00f3re wspieraj\u0105 nas w obszarze bie\u017c\u0105cej dzia\u0142alno\u015bci<\/li>\n<li>firmom obs\u0142uguj\u0105cym nas w obszarze IT, w tym serwisuj\u0105cym urz\u0105dzenia wykorzystywane przez nas w bie\u017c\u0105cej dzia\u0142alno\u015bci<\/li>\n<li>podmiotom utrzymuj\u0105cym oprogramowanie, z kt\u00f3rego korzystamy w ramach bie\u017c\u0105cej dzia\u0142alno\u015bci<\/li>\n<li>agencjom zajmuj\u0105cym si\u0119 obs\u0142ug\u0105 naszego serwisu.<\/li>\n<\/ol>\n<p>Dla ka\u017cdego z tych cel\u00f3w przekazujemy tylko te dane, kt\u00f3re s\u0105 niezb\u0119dne do jego osi\u0105gni\u0119cia. Chcieliby\u015bmy, aby wiedzieli Pa\u0144stwo, \u017ce tam gdzie to mo\u017cliwe stosujemy narz\u0119dzia anonimizacji lub pseudonimizacji, czyli takie dzia\u0142ania, dzi\u0119ki kt\u00f3rym dla naszych partner\u00f3w i podwykonawc\u00f3w pozostaj\u0105 Pa\u0144stwo niemo\u017cliwi do zidentyfikowania, a gdzie my ca\u0142y czas posiadamy Pa\u0144stwa dane.<\/p>\n<p>Ponadto Twoje dane osobowe w ramach wykonywanych przez nas zada\u0144 w obszarze sprawowania w\u0142adzy publicznej i realizacji interesu publicznego mog\u0105 zosta\u0107 udost\u0119pnione innym jednostkom organizacyjnym w ramach naszej jednostki samorz\u0105du terytorialnego. Dost\u0119p do tych danych osobowych mog\u0105 uzyska\u0107 w toku kontroli r\u00f3wnie\u017c uprawnione organy administracji centralnej (np.\u00a0kontrola NIK, kontrola Urz\u0119du Skarbowego, kontrola Prezesa Urz\u0119du Ochrony Danych Osobowych).<\/p>\n<h1><a name=\"_Toc515273136\"><\/a>W JAKI SPOS\u00d3B PRZETWARZAMY DANE OSOBOWE?<\/h1>\n<p>Przetwarzamy dane osobowe zgodnie z obowi\u0105zuj\u0105cym prawem, w szczeg\u00f3lno\u015bci zgodnie z\u00a0przepisami ustawy o ochronie danych osobowych oraz zgodnie z og\u00f3lnym rozporz\u0105dzeniem o\u00a0ochronie danych.<\/p>\n<p>Mamy na uwadze nast\u0119puj\u0105ce regu\u0142y, kt\u00f3rymi kierujemy si\u0119 przy przetwarzaniu Twoich danych osobowych:<\/p>\n<p><a name=\"_Toc515273137\"><\/a><a name=\"_Toc510286885\"><\/a><strong>Regu\u0142a adekwatno\u015bci<\/strong><\/p>\n<p>Przetwarzamy tylko te dane, kt\u00f3re s\u0105 niezb\u0119dne dla osi\u0105gni\u0119cia danego celu przetwarzania oraz zgodnie z obowi\u0105zuj\u0105cymi przepisami; dla ka\u017cdego procesu przeprowadzili\u015bmy analiz\u0119 spe\u0142nienia tej regu\u0142y<\/p>\n<p><a name=\"_Toc515273138\"><\/a><a name=\"_Toc510286886\"><\/a><strong>Regu\u0142a transparentno\u015bci<\/strong><\/p>\n<p>Powinni Pa\u0144stwo mie\u0107 pe\u0142n\u0105 wiedz\u0119 o tym, co dzieje si\u0119 z Pa\u0144stwa danymi. Niniejszy dokument, w\u00a0kt\u00f3rym staramy si\u0119 udzieli\u0107 Pa\u0144stwu pe\u0142nej informacji o regu\u0142ach przetwarzania przez nas Pa\u0144stwa danych osobowych jest jej przejawem<\/p>\n<p><a name=\"_Toc515273139\"><\/a><a name=\"_Toc510286887\"><\/a><strong>Regu\u0142a prawid\u0142owo\u015bci<\/strong><\/p>\n<p>Staramy si\u0119, aby Pa\u0144stwa dane osobowe w naszych systemach by\u0142y aktualne i zgodne z\u00a0prawd\u0105. Je\u017celi stwierdz\u0105 Pa\u0144stwo, \u017ce w jakim\u015b obszarze Pa\u0144stwa dane osobowe nie zosta\u0142y przez nas zaktualizowane lub s\u0105 b\u0142\u0119dne, prosimy o kontakt z nami bezpo\u015brednio pod adresem <a href=\"mailto:poczta@wcdn.wroc.pl\">poczta@wcdn.wroc.pl<\/a> lub pisz\u0105c na adres Wroc\u0142awskie Centrum Doskonalenia Nauczycieli ul. Swobodna 73A, 50-089 Wroc\u0142aw.<\/p>\n<p><a name=\"_Toc515273140\"><\/a><a name=\"_Toc510286888\"><\/a> <strong>Regu\u0142a integralno\u015bci i poufno\u015bci<\/strong><\/p>\n<p>Stosujemy niezb\u0119dne \u015brodki zabezpieczaj\u0105ce poufno\u015b\u0107 i integralno\u015b\u0107 Pa\u0144stwa danych osobowych. Ca\u0142y czas je usprawniamy, wraz ze zmieniaj\u0105cym si\u0119 otoczeniem i post\u0119pem technologicznym. Zabezpieczenia obejmuj\u0105 \u015brodki fizyczne i technologiczne ograniczaj\u0105ce dost\u0119p do Pa\u0144stwa danych, jak r\u00f3wnie\u017c stosowne \u015brodki zabezpieczaj\u0105ce przed utrat\u0105 Pa\u0144stwa danych.<\/p>\n<p><a name=\"_Toc515273141\"><\/a><a name=\"_Toc510286889\"><\/a><strong>Regu\u0142a rozliczalno\u015bci<\/strong><\/p>\n<p>Chcemy m\u00f3c rozliczy\u0107 si\u0119 z ka\u017cdego naszego dzia\u0142ania na danych osobowych, tak aby\u015bmy w\u00a0razie Pa\u0144stwa zapytania, mogli udzieli\u0107 pe\u0142nej i rzetelnej informacji dotycz\u0105cej tego jakie dzia\u0142ania realizowali\u015bmy na Pa\u0144stwa danych.<\/p>\n<p>&nbsp;<\/p>\n<p>&nbsp;<\/p>\n<p>&nbsp;<\/p>\n<h1><a name=\"_Toc515273142\"><\/a>JAKIE ZGODY ZBIERAMY?<\/h1>\n<p>&nbsp;<\/p>\n<p>W ramach naszej codziennej praktyki zbieramy od u\u017cytkownik\u00f3w naszego serwisu zgody na przesy\u0142anie do komunikat\u00f3w informacyjnych (newsletter) drog\u0105 elektroniczn\u0105 lub telefoniczn\u0105 \u2013 obejmuje informowanie o wa\u017cnych lub ciekawych wydarzeniach lub szkoleniach. T\u0119 zgod\u0119 mo\u017cna wyrazi\u0107 w\u00a0serwisie wype\u0142niaj\u0105c formularz rejestracyjny dost\u0119pny na https:\/\/wcdn.wroc.pl\/szkolenia;<\/p>\n<p>Wyra\u017cenie zgody jest dobrowolne i nie uzale\u017cniamy mo\u017cliwo\u015bci korzystania z serwisu od jej wyra\u017cenia przez Ciebie.<\/p>\n<p>Je\u017celi wyrazili Pa\u0144stwo zgod\u0119, maj\u0105 Pa\u0144stwo prawo wycofa\u0107 j\u0105 w dowolnej chwili pisz\u0105c mail na adres poczta@wcdn.wroc.pl lub listownie na Wroc\u0142awskie Centrum Doskonalenia Nauczycieli, ul. Swobodna 73A, 50-089 Wroc\u0142aw z\u00a0dopiskiem \u201eDane osobowe\u201d.<\/p>\n<p>Prosimy pami\u0119ta\u0107, \u017ce od chwili wycofania przez Pa\u0144stwa zgody mo\u017ce min\u0105\u0107 okre\u015blony czas, zanim zg\u0142oszenie zostanie przyj\u0119te do systemu, a wszystkie bazy danych si\u0119 zsynchronizuj\u0105. Podejmiemy starania, aby te dzia\u0142ania odby\u0142y si\u0119 bez zb\u0119dnej zw\u0142oki, ale w \u017cadnym przypadku nie mo\u017ce to trwa\u0107 d\u0142u\u017cej ni\u017c jeden miesi\u0105c.<\/p>\n<p>Prosimy pami\u0119ta\u0107, \u017ce cofni\u0119cie zgody nie wp\u0142ywa na zgodno\u015b\u0107 z prawem przetwarzania, kt\u00f3rego dokonano na podstawie zgody przed jej wycofaniem.<\/p>\n<p>&nbsp;<\/p>\n<h1><a name=\"_Toc515273143\"><\/a>JAKIE MAJ\u0104 PA\u0143STWO PRAWA?<\/h1>\n<p>&nbsp;<\/p>\n<p>Prawo ochrony danych osobowych daje Pa\u0144stwu szereg praw, z kt\u00f3rych mo\u017cna skorzysta\u0107 w dowolnej chwili. O ile nie b\u0119d\u0105 Pa\u0144stwo tych praw nadu\u017cywa\u0107 (np. nieuzasadnione codzienne pro\u015bby o\u00a0udzielenie informacji), to korzystanie z nich b\u0119dzie dla Pa\u0144stwa nieodp\u0142atne i powinno by\u0107 \u0142atwe w realizacji.<\/p>\n<p>Pa\u0144stwa prawa obejmuj\u0105<\/p>\n<p><a name=\"_Toc515273144\"><\/a><strong>Prawo dost\u0119pu do tre\u015bci swoich danych osobowych<\/strong><\/p>\n<p>To prawo oznacza, \u017ce mo\u017cna poprosi\u0107, aby\u015bmy wyeksportowali z naszych baz danych informacje jakie mamy o Pa\u0144stwu i przes\u0142ali je do Pa\u0144stwa w jednym z powszechnie wykorzystywanych format\u00f3w (np. XLSX, DOCX itp.)<\/p>\n<p><a name=\"_Toc515273145\"><\/a><strong>Prawo do poprawiania danych<\/strong><\/p>\n<p>Je\u017celi stwierdz\u0105 Pa\u0144stwo, \u017ce przetwarzane przez nas dane s\u0105 nieprawid\u0142owe, maj\u0105 Pa\u0144stwo prawo poprosi\u0107 nas o ich poprawienie, a my b\u0119dziemy zobowi\u0105zani to zrobi\u0107. W takim przypadku mamy prawo poprosi\u0107 Pa\u0144stwa o przedstawienie jakiego\u015b dokumentu lub innego dowodu na okoliczno\u015b\u0107 zmiany danych<\/p>\n<p><a name=\"_Toc515273146\"><\/a><strong>Prawo do ograniczenia przetwarzania danych<\/strong><\/p>\n<p>Je\u017celi pomimo zastosowania si\u0119 przez nas do regu\u0142y adekwatno\u015bci, o kt\u00f3rej piszemy w cz\u0119\u015bci \u201e<a href=\"https:\/\/wcdn.wroc.pl\/szkolenia\/polityka_prywatnosci.php#_W_JAKI_SPOS\u00d3B\">W jaki spos\u00f3b przetwarzamy dane osobowe<\/a>\u201d, uznaj\u0105 Pa\u0144stwo, \u017ce dla okre\u015blonego procesu przetwarzamy zbyt szeroki katalog Pa\u0144stwa danych osobowych, maj\u0105 Pa\u0144stwo prawo za\u017c\u0105da\u0107, aby\u015bmy ograniczyli ten zakres przetwarzania. O ile Pa\u0144stwa \u017c\u0105danie nie b\u0119dzie sprzeciwia\u0142o si\u0119 wymaganiom nak\u0142adanym na nas przez obowi\u0105zuj\u0105ce prawo, lub nie b\u0119dzie to konieczne dla realizacji umowy, przychylimy si\u0119 do Pa\u0144stwa \u017c\u0105dania.<\/p>\n<p>&nbsp;<\/p>\n<p><a name=\"_Toc515273147\"><\/a><strong>Prawo do \u017c\u0105dania usuni\u0119cia danych<\/strong><\/p>\n<p>Prawo to, zwane r\u00f3wnie\u017c prawem do bycia zapomnianym, oznacza prawo do \u017c\u0105dania, aby\u015bmy usun\u0119li z naszych system\u00f3w bazodanowych oraz z naszej dokumentacji wszelkie informacje zawieraj\u0105ce Pa\u0144stwa dane osobowe w zwi\u0105zku z korzystaniem z serwisu. Prosimy Pami\u0119ta\u0107, \u017ce nie b\u0119dziemy mogli tego uczyni\u0107, je\u017celi na podstawie przepis\u00f3w prawa mamy obowi\u0105zek przetwarzania Pa\u0144stwa danych. W ka\u017cdym przypadku jednak usuniemy Pa\u0144stwa dane osobowe w mo\u017cliwie najpe\u0142niejszym zakresie, a\u00a0tam, gdzie nie jest to mo\u017cliwe zapewnimy ich pseudonimizacj\u0119 (co oznacza brak mo\u017cliwo\u015bci zidentyfikowania osoby, kt\u00f3rej dane dotycz\u0105 bez odpowiedniego klucza powi\u0105za\u0144), dzi\u0119ki czemu Pa\u0144stwa dane, kt\u00f3re musimy zachowa\u0107 zgodnie z obowi\u0105zuj\u0105cym prawem, b\u0119d\u0105 dost\u0119pne wy\u0142\u0105cznie dla bardzo ograniczonego kr\u0119gu os\u00f3b w naszej organizacji<\/p>\n<p><a name=\"_Toc515273148\"><\/a><strong>Prawo do przenoszenia danych do innego administratora danych<\/strong><\/p>\n<p>Zgodnie z og\u00f3lnym rozporz\u0105dzeniem o ochronie danych osobowych mo\u017cna poprosi\u0107 nas, aby\u015bmy wyeksportowali dane, kt\u00f3re nam Pa\u0144stwo podali w ramach korzystania z serwisu do odr\u0119bnego pliku, w celu ich dalszego przekazania do innego administratora danych.<\/p>\n<p>Uprawnienia, o kt\u00f3rych mowa powy\u017cej mo\u017cna wykonywa\u0107 poprzez kontakt z nami pod adresem e-mail <a href=\"mailto:poczta@wcdn.wroc.pl\">poczta@wcdn.wroc.pl<\/a> lub pisz\u0105c na adres Wroc\u0142awskie Centrum Doskonalenia, ul. Swobodna 73A, 50-089 Wroc\u0142aw z dopiskiem \u201eDane osobowe\u201d.<\/p>\n<p>Na te dane lub na adres naszego Inspektora Ochrony Danych Osobowych (<a href=\"mailto:m.polak@coreconsulting.pl\">m.polak@coreconsulting.pl<\/a>) mo\u017ce pisa\u0107 r\u00f3wnie\u017c w\u00f3wczas, gdy jakie\u015b dzia\u0142anie lub sytuacja z kt\u00f3r\u0105 si\u0119 Pa\u0144stwo spotkaj\u0105 b\u0119dzie budzi\u0142a obawy, czy na pewno jest zgodna z przepisami, czy nie narusza przypadkiem Pa\u0144stwa praw lub wolno\u015bci. W takim przypadku odpowiemy na Pa\u0144stwa pytania<br \/>\ni w\u0105tpliwo\u015bci oraz niezw\u0142ocznie zaadresujemy dane zagadnienie.<\/p>\n<p>Je\u017celi uznaj\u0105 Pa\u0144stwo, \u017ce w jakikolwiek spos\u00f3b naruszyli\u015bmy regu\u0142y przetwarzania Pa\u0144stwa danych osobowych to <strong>maj\u0105 Pa\u0144stwo prawo do z\u0142o\u017cenia skargi bezpo\u015brednio do organu nadzoru<\/strong> (od 25 maja 2018 roku jest to Prezes Urz\u0119du Ochrony Danych Osobowych). W ramach wykonania tego uprawnienia powinni Pa\u0144stwo poda\u0107 pe\u0142ny opis zaistnia\u0142ej sytuacji oraz wskaza\u0107 jakie dzia\u0142anie uznaj\u0105 Pa\u0144stwo za naruszaj\u0105ce Pa\u0144stwa prawa lub wolno\u015bci. Skarg\u0119 nale\u017cy z\u0142o\u017cy\u0107 bezpo\u015brednio do organu nadzoru.<\/p>\n<h1><a name=\"_Toc515273149\"><\/a>CZYM JEST PRAWO DO SPRZECIWU?<\/h1>\n<p>Odr\u0119bnie chcemy Pa\u0144stwa poinformowa\u0107, \u017ce maj\u0105 Pa\u0144stwo r\u00f3wnie\u017c prawo do tzw. sprzeciwu wobec przetwarzania swoich danych osobowych.<\/p>\n<p>Prawo do sprzeciwu sk\u0142adaj\u0105 Pa\u0144stwo w\u00f3wczas, gdy nie chc\u0105 Pa\u0144stwo, aby\u015bmy przetwarzali Pa\u0144stwa dane osobowe w okre\u015blonym celu. W takim przypadku dalej b\u0119dziemy przetwarzali Pa\u0144stwa dane dla potrzeb innych proces\u00f3w (w innych celach), ale ju\u017c nie dla celu, dla kt\u00f3rego zg\u0142osili Pa\u0144stwo sprzeciw (chyba, \u017ce mamy obowi\u0105zek przetwarzania tych danych na podstawie obowi\u0105zuj\u0105cego prawa lub umowy).<\/p>\n<p>Prawo do sprzeciwu mo\u017cna zg\u0142osi\u0107 na adres e-mail <a href=\"mailto:poczta@wcdn.wroc.pl\">poczta@wcdn.wroc.pl<\/a> lub pisz\u0105c na adres Wroc\u0142awskie Centrum Doskonalenia Nauczycieli, ul. Swobodna 73A, 50-089 Wroc\u0142aw, z dopiskiem \u201eDane osobowe\u201d.<\/p>\n","protected":false},"excerpt":{"rendered":"<p>KIM JESTE\u015aMY? Organ publiczny Wroc\u0142awskie Centrum Doskonalenia Nauczycieli z siedzib\u0105 przy ul. Swobodnej 73A, 50-089 Wroc\u0142aw, jest organem publicznym (w\u0142a\u015bciciel serwisu www.wcdn.wroc.pl). Dane naszego Inspektora Ochrony Danych Osobowych W ramach naszej organizacji, w trybie art. 37 RODO, powo\u0142ali\u015bmy zesp\u00f3\u0142 odpowiedzialny &hellip; <a href=\"https:\/\/www.wcdn.wroc.pl\/www\/?page_id=3\">Czytaj dalej <span class=\"meta-nav\">&rarr;<\/span><\/a><\/p>\n","protected":false},"author":1,"featured_media":0,"parent":0,"menu_order":0,"comment_status":"closed","ping_status":"open","template":"","meta":[],"_links":{"self":[{"href":"https:\/\/www.wcdn.wroc.pl\/www\/index.php?rest_route=\/wp\/v2\/pages\/3"}],"collection":[{"href":"https:\/\/www.wcdn.wroc.pl\/www\/index.php?rest_route=\/wp\/v2\/pages"}],"about":[{"href":"https:\/\/www.wcdn.wroc.pl\/www\/index.php?rest_route=\/wp\/v2\/types\/page"}],"author":[{"embeddable":true,"href":"https:\/\/www.wcdn.wroc.pl\/www\/index.php?rest_route=\/wp\/v2\/users\/1"}],"replies":[{"embeddable":true,"href":"https:\/\/www.wcdn.wroc.pl\/www\/index.php?rest_route=%2Fwp%2Fv2%2Fcomments&post=3"}],"version-history":[{"count":2,"href":"https:\/\/www.wcdn.wroc.pl\/www\/index.php?rest_route=\/wp\/v2\/pages\/3\/revisions"}],"predecessor-version":[{"id":787,"href":"https:\/\/www.wcdn.wroc.pl\/www\/index.php?rest_route=\/wp\/v2\/pages\/3\/revisions\/787"}],"wp:attachment":[{"href":"https:\/\/www.wcdn.wroc.pl\/www\/index.php?rest_route=%2Fwp%2Fv2%2Fmedia&parent=3"}],"curies":[{"name":"wp","href":"https:\/\/api.w.org\/{rel}","templated":true}]}}