{"id":6,"date":"2018-08-23T09:44:56","date_gmt":"2018-08-23T07:44:56","guid":{"rendered":"https:\/\/wcdn.wroc.pl\/www\/?page_id=6"},"modified":"2025-08-22T08:25:30","modified_gmt":"2025-08-22T06:25:30","slug":"o-nas","status":"publish","type":"page","link":"https:\/\/www.wcdn.wroc.pl\/www\/?page_id=6","title":{"rendered":"O nas"},"content":{"rendered":"<p>Podstawowe informacje<\/p>\n<p>Wroc\u0142awskie Centrum Doskonalenia Nauczycieli powsta\u0142o 1 stycznia 2001 r., jest instytucj\u0105 kszta\u0142cenia doros\u0142ych, praktycznie realizuj\u0105c\u0105 ide\u0119 kszta\u0142cenia ustawicznego. S\u0142u\u017cy nauczycielom, dyrektorom szk\u00f3\u0142 i plac\u00f3wek, umo\u017cliwia podnoszenie, uzupe\u0142nianie i aktualizowanie kwalifikacji zawodowych oraz nabywanie nowych umiej\u0119tno\u015bci. Korzystanie z oferty plac\u00f3wki pozwala na wzmocnienie pozycji zawodowej.<!--more--><\/p>\n<p>Wroc\u0142awskie Centrum Doskonalenia Nauczycieli posiada akredytacj\u0119 Dolno\u015bl\u0105skiego Kuratora O\u015bwiaty (<a href=\"https:\/\/www.wcdn.wroc.pl\/www\/wp-content\/uploads\/2025\/08\/akredytacja_wcdn.pdf\">akredytacja_wcdn, 216KB, PDF<\/a>), kt\u00f3ra stanowi gwarancj\u0119 i certyfikat jako\u015bci naszych us\u0142ug, co pozwala nam organizowa\u0107 kursy nadaj\u0105ce kwalifikacje. WCDN jest o\u015brodkiem spe\u0142niaj\u0105cym r\u00f3\u017cnorodne oczekiwania nauczycieli zatrudnionych w szko\u0142ach, plac\u00f3wkach o\u015bwiatowych gminy Wroc\u0142aw, gmin D\u0142ugo\u0142\u0119ka, Kobierzyce, Jordan\u00f3w \u015al\u0105ski, Mietk\u00f3w oraz w szko\u0142ach ponadgimnazjalnych powiatu ziemskiego. Spe\u0142nia te\u017c rol\u0119 kreatora wielu przedsi\u0119wzi\u0119\u0107 edukacyjnych i kulturalnych.<br \/>\nAtutem plac\u00f3wki jest funkcjonowanie doradztwa przedmiotowego oraz blisko\u015b\u0107 doradcy w szko\u0142ach, ich dost\u0119pno\u015b\u0107. Doradcy wp\u0142ywaj\u0105 na to, co dzieje si\u0119 w plac\u00f3wkach, pomagaj\u0105 nauczycielom bezpo\u015brednio w ich miejscu pracy. Wspomagaj\u0105 rady pedagogiczne oraz nauczycieli w ich awansie zawodowym. S\u0105 blisko nauczycieli i dla nauczycieli.<br \/>\nKolejnym atutem jest potencja\u0142 merytoryczny &#8211; pracownicy o\u015brodka to ludzie czynni zawodowo z du\u017cym do\u015bwiadczeniem i bogatymi kwalifikacjami, edukatorzy, autorzy program\u00f3w nauczania, publikacji merytorycznych i metodycznych. Doradcy i konsultanci potrafi\u0105 podj\u0105\u0107 nowe zadania wynikaj\u0105ce z funkcjonowania w strukturach UE i kszta\u0142cenia spo\u0142ecze\u0144stwa wiedzy.<br \/>\nPlac\u00f3wka wspiera r\u00f3wnie\u017c w\u0142adze samorz\u0105dowe w budowaniu ich strategii rozwoju o\u015bwiaty. Dla dobra lokalnego \u015brodowiska o\u015bwiatowego wsp\u00f3\u0142pracuje z wieloma instytucjami o\u015bwiatowymi m.in. z Kuratorium O\u015bwiaty, plac\u00f3wkami doskonalenia nauczycieli, Okr\u0119gow\u0105 Komisj\u0105 Egzaminacyjn\u0105, z wy\u017cszymi uczelniami, stowarzyszeniami oraz wydawnictwami.<br \/>\nWCDN obs\u0142uguje wszystkie publiczne i niepubliczne wroc\u0142awskie plac\u00f3wki o\u015bwiatowe, czyli ok. 9,5 tys. nauczycieli.<\/p>\n<p>Zadania WCDN:<br \/>\n\u2022 prowadzenie doradztwa merytorycznego i metodycznego oraz doskonalenia<br \/>\nnauczycieli, wychowawc\u00f3w i kadry kierowniczej plac\u00f3wek o\u015bwiatowych;<br \/>\n\u2022 przygotowywanie i realizacja program\u00f3w kszta\u0142cenia ustawicznego nauczycieli;<br \/>\n\u2022 diagnozowanie potrzeb z zakresu dokszta\u0142cania i doskonalenia nauczycieli oraz kadry kierowniczej;<br \/>\n\u2022 przygotowywanie nauczycieli oraz kadry kierowniczej szk\u00f3\u0142 i plac\u00f3wek o\u015bwiatowych do realizacji zada\u0144 wynikaj\u0105cych z reformy systemu edukacji;<br \/>\n\u2022 opieka merytoryczna nad nowatorstwem pedagogicznym oraz innowacjami<br \/>\npedagogicznymi;<br \/>\n\u2022 przygotowywanie kadr do wewn\u0105trzszkolnego systemu doskonalenia nauczycieli oraz wspierania rozwoju szk\u00f3\u0142 i podnoszenia jako\u015bci ich pracy;<br \/>\n\u2022 organizowanie wymiany do\u015bwiadcze\u0144 z zakresu funkcjonowania systemu<br \/>\no\u015bwiatowego z partnerami krajowymi i zagranicznymi;<br \/>\n\u2022 wsp\u00f3\u0142praca z Wydzia\u0142em Edukacji Urz\u0119du Miasta oraz innymi wydzia\u0142ami, Okr\u0119gow\u0105 Komisj\u0105 Egzaminacyjn\u0105, Kuratorium O\u015bwiaty oraz z plac\u00f3wkami doskonalenia nauczycieli;<br \/>\n\u2022 upowszechnianie wiedzy pedagogicznej we wsp\u00f3\u0142pracy ze \u015brodkami spo\u0142ecznego przekazu;<br \/>\n\u2022 wykonywanie innych zada\u0144 wynikaj\u0105cych z zasi\u0119gu terytorialnego i specyfiki<br \/>\ndzia\u0142ania.<\/p>\n","protected":false},"excerpt":{"rendered":"<p>Podstawowe informacje Wroc\u0142awskie Centrum Doskonalenia Nauczycieli powsta\u0142o 1 stycznia 2001 r., jest instytucj\u0105 kszta\u0142cenia doros\u0142ych, praktycznie realizuj\u0105c\u0105 ide\u0119 kszta\u0142cenia ustawicznego. S\u0142u\u017cy nauczycielom, dyrektorom szk\u00f3\u0142 i plac\u00f3wek, umo\u017cliwia podnoszenie, uzupe\u0142nianie i aktualizowanie kwalifikacji zawodowych oraz nabywanie nowych umiej\u0119tno\u015bci. Korzystanie z oferty &hellip; <a href=\"https:\/\/www.wcdn.wroc.pl\/www\/?page_id=6\">Czytaj dalej <span class=\"meta-nav\">&rarr;<\/span><\/a><\/p>\n","protected":false},"author":1,"featured_media":0,"parent":0,"menu_order":0,"comment_status":"closed","ping_status":"closed","template":"","meta":[],"_links":{"self":[{"href":"https:\/\/www.wcdn.wroc.pl\/www\/index.php?rest_route=\/wp\/v2\/pages\/6"}],"collection":[{"href":"https:\/\/www.wcdn.wroc.pl\/www\/index.php?rest_route=\/wp\/v2\/pages"}],"about":[{"href":"https:\/\/www.wcdn.wroc.pl\/www\/index.php?rest_route=\/wp\/v2\/types\/page"}],"author":[{"embeddable":true,"href":"https:\/\/www.wcdn.wroc.pl\/www\/index.php?rest_route=\/wp\/v2\/users\/1"}],"replies":[{"embeddable":true,"href":"https:\/\/www.wcdn.wroc.pl\/www\/index.php?rest_route=%2Fwp%2Fv2%2Fcomments&post=6"}],"version-history":[{"count":11,"href":"https:\/\/www.wcdn.wroc.pl\/www\/index.php?rest_route=\/wp\/v2\/pages\/6\/revisions"}],"predecessor-version":[{"id":6502,"href":"https:\/\/www.wcdn.wroc.pl\/www\/index.php?rest_route=\/wp\/v2\/pages\/6\/revisions\/6502"}],"wp:attachment":[{"href":"https:\/\/www.wcdn.wroc.pl\/www\/index.php?rest_route=%2Fwp%2Fv2%2Fmedia&parent=6"}],"curies":[{"name":"wp","href":"https:\/\/api.w.org\/{rel}","templated":true}]}}